{"id":185,"date":"2016-04-21T08:31:25","date_gmt":"2016-04-21T08:31:25","guid":{"rendered":"https:\/\/www.gloriamusic.com.br\/about-us\/"},"modified":"2024-04-26T11:13:14","modified_gmt":"2024-04-26T14:13:14","slug":"quem-somos","status":"publish","type":"page","link":"https:\/\/torres.nuvemidc.com\/~gloriamu\/quem-somos\/","title":{"rendered":"Quem Somos"},"content":{"rendered":"<section class=\"section  text-normal section-text-no-shadow section-inner-no-shadow section-normal section-opaque\"  >\n            <div class=\"background-media\" style=\"background-image: url(&#039;https:\/\/torres.nuvemidc.com\/~gloriamu\/wp-content\/uploads\/2019\/03\/foto-vocalis-ibcarioca-01.jpg&#039;); background-repeat:no-repeat; background-size:cover; background-attachment:fixed; background-position: 50% 100%;\" >\n                    <\/div>\n    \n    <div class=\"background-overlay grid-overlay-0 \" style=\"background-color: rgba(0,0,0,0.6);\"><\/div>\n\n    <div class=\"container container-vertical-default\">\n        <div class=\"row vertical-default\">\n            <div class=\"col-md-2     text-default small-screen-default\"  ><\/div><div class=\"col-md-8     text-default small-screen-default\"  ><div class=\"divider-wrapper \" style=\"visibility:hidden;background-color:#FFFFFF\">\n    <div class=\"visible-xs\" style=\"height:60px;\"><\/div>\n    <div class=\"visible-sm\" style=\"height:100px;\"><\/div>\n    <div class=\"visible-md\" style=\"height:150px;\"><\/div>\n    <div class=\"visible-lg\" style=\"height:150px;\"><\/div>\n<\/div><h1 class=\"text-center  element-top-20 element-bottom-20 text-light bigger default\" data-os-animation=\"none\" data-os-animation-delay=\"0s\" >\n    Gloria Music<\/h1><p class=\"lead text-center center  text-light element-top-20 element-bottom-20 os-animation \" data-os-animation=\"fadeIn\" data-os-animation-delay=\"0.4s\">Cantatas, Musicais, Compositores, Sons e Temas vocais<\/p><div class=\"divider-wrapper \" style=\"visibility:hidden;background-color:#FFFFFF\">\n    <div class=\"visible-xs\" style=\"height:50px;\"><\/div>\n    <div class=\"visible-sm\" style=\"height:60px;\"><\/div>\n    <div class=\"visible-md\" style=\"height:150px;\"><\/div>\n    <div class=\"visible-lg\" style=\"height:150px;\"><\/div>\n<\/div><div class=\"divider-wrapper \" style=\"visibility:hidden;background-color:#FFFFFF\">\n    <div class=\"visible-xs\" style=\"height:24px;\"><\/div>\n    <div class=\"visible-sm\" style=\"height:24px;\"><\/div>\n    <div class=\"visible-md\" style=\"height:150px;\"><\/div>\n    <div class=\"visible-lg\" style=\"height:150px;\"><\/div>\n<\/div><div class=\"divider-border  divider-border-center element-top-20 element-bottom-20 os-animation\" data-os-animation=\"fadeIn\" data-os-animation-delay=\"0.6s\" >\n    <div class=\"divider-border-inner\"  style=\"background:#ffffff; \"><\/div>\n<\/div><div class=\"figure element-top-20 element-bottom-20  \" data-os-animation=\"none\" data-os-animation-delay=\"0s\">\n            <span class=\"figure-image\">\n                    <\/span>\n    <\/div>\n<\/div><div class=\"col-md-2     text-default small-screen-default\"  ><\/div>        <\/div>\n    <\/div>\n<\/section>\n<section class=\"section  text-normal section-text-no-shadow section-inner-no-shadow section-normal section-opaque\"  >\n    \n    <div class=\"background-overlay grid-overlay-0 \" style=\"background-color: rgba(250,250,250,1);\"><\/div>\n\n    <div class=\"container container-vertical-default\">\n        <div class=\"row vertical-default\">\n            <div class=\"col-md-6     text-default small-screen-default os-animation col-border-right\" data-os-animation=\"fadeInDown\" data-os-animation-delay=\"0.2s\" ><h2 class=\"text-left  element-top-40 element-bottom-20 text-normal normal default\" data-os-animation=\"none\" data-os-animation-delay=\"0s\" >\n    Quem somos?<\/h2><p class=\"lead text-left left  text-normal element-top-20 element-bottom-40\" data-os-animation=\"none\" data-os-animation-delay=\"0s\">Uma empresa fundada em 2006, com objetivo de difundir nacionalmente cantatas e musicais nos<br \/>\nmais variados estilos, trabalhando com uma excelente equipe de cantores, narradores, arranjadores e versionistas.<\/p><\/div><div class=\"col-md-6     text-default small-screen-default os-animation col-border-right col-border-left\" data-os-animation=\"fadeInDown\" data-os-animation-delay=\"0.4s\" ><h2 class=\"text-left  element-top-40 element-bottom-20 text-normal normal default\" data-os-animation=\"none\" data-os-animation-delay=\"0s\" >\n    O que fazemos?<\/h2><p class=\"lead text-left left  text-normal element-top-20 element-bottom-40\" data-os-animation=\"none\" data-os-animation-delay=\"0s\">Oferecemos material musical com suporte did\u00e1tico para a forma\u00e7\u00e3o e\/ou desenvolvimento do seu coral, grupo vocal e\/ou minist\u00e9rio de louvor, com produ\u00e7\u00f5es e um vasto repert\u00f3rio que trar\u00e3o momentos de comunh\u00e3o, evangelismo e adora\u00e7\u00e3o.<\/p><\/div>        <\/div>\n    <\/div>\n<\/section>\n<section class=\"section  text-normal section-text-no-shadow section-inner-no-shadow section-normal section-opaque\"  >\n    \n    <div class=\"background-overlay grid-overlay-0 \" style=\"background-color: rgba(0,0,0,0);\"><\/div>\n\n    <div class=\"container container-vertical-default\">\n        <div class=\"row vertical-default\">\n            <div class=\"col-md-2     text-default small-screen-default\"  ><\/div><div class=\"col-md-8     text-default small-screen-default\"  ><h1 class=\"text-center  element-top-40 element-bottom-20 text-normal os-animation big light\" data-os-animation=\"fadeIn\" data-os-animation-delay=\"0.2s\" >\n    \u00daltimos lan\u00e7amentos<\/h1><p class=\"lead text-center center  text-normal element-top-20 element-bottom-20 os-animation \" data-os-animation=\"fadeIn\" data-os-animation-delay=\"0.4s\">Estamos sempre criando novidades, confira alguns dos nossos lan\u00e7amentos recentes:<\/p><div class=\"divider-border  divider-border-center element-top-20 element-bottom-20 os-animation\" data-os-animation=\"fadeIn\" data-os-animation-delay=\"0.6s\" >\n    <div class=\"divider-border-inner\" ><\/div>\n<\/div><\/div><div class=\"col-md-2     text-default small-screen-default\"  ><\/div>        <\/div>\n    <\/div>\n<\/section>\n<section class=\"section  text-normal section-text-no-shadow section-inner-no-shadow section-normal section-opaque\"  >\n    \n    <div class=\"background-overlay grid-overlay-0 \" style=\"background-color: rgba(0,0,0,0);\"><\/div>\n\n    <div class=\"container container-vertical-default\">\n        <div class=\"row vertical-default\">\n            <div class=\"col-md-12     text-default small-screen-default os-animation\" data-os-animation=\"fadeIn\" data-os-animation-delay=\"0.8s\" ><div class=\"divider-wrapper \" style=\"visibility:hidden;background-color:#FFFFFF\">\n    <div class=\"visible-xs\" style=\"height:24px;\"><\/div>\n    <div class=\"visible-sm\" style=\"height:24px;\"><\/div>\n    <div class=\"visible-md\" style=\"height:40px;\"><\/div>\n    <div class=\"visible-lg\" style=\"height:40px;\"><\/div>\n<\/div><div class=\"woocommerce columns-4 \"><div class=\"row\">\n    <ul class=\"products list-container columns-4\">\n\t<li class=\"col-md-3 product type-product post-24915 status-publish instock product_cat-nao-sazonal product_cat-nao-sazonal-carvalho-producoes product_cat-nao-sazonal-hinos product_tag-cristiane-carvalho product_tag-grupo-louvor-sem-fim product_tag-grupo-renascenca product_tag-made-in-brasil-2 product_tag-musical-nao-sazonal has-post-thumbnail featured shipping-taxable purchasable product-type-variable has-default-attributes\">\n\t\t<a href=\"https:\/\/torres.nuvemidc.com\/~gloriamu\/produto\/made-in-brasil-2\/\" class=\"woocommerce-LoopProduct-link woocommerce-loop-product__link\"><div class=\"product-image\"><div class=\"product-image-front\"><img loading=\"lazy\" decoding=\"async\" width=\"300\" height=\"300\" src=\"https:\/\/torres.nuvemidc.com\/~gloriamu\/wp-content\/uploads\/gloriamusic\/2021\/07\/capa-made-in-brasil-2-300x300.png\" class=\"attachment-woocommerce_thumbnail size-woocommerce_thumbnail\" alt=\"\" \/><\/div><div class=\"product-image-overlay\"><h4>Ver Detalhes<\/h4><\/div><\/div>\t    <div class=\"product-info\">\n\t    \t<h3 class=\"product-title\">\n          <a href=\"https:\/\/torres.nuvemidc.com\/~gloriamu\/produto\/made-in-brasil-2\/\">\n              Made In Brasil 2          <\/a>\n        <\/h3>\n\t\t\t\t<span class=\"product-categories\"><a href=\"https:\/\/torres.nuvemidc.com\/~gloriamu\/categoria\/nao-sazonal\/\" rel=\"tag\">N\u00e3o Sazonal<\/a>, <a href=\"https:\/\/torres.nuvemidc.com\/~gloriamu\/categoria\/carvalho-producoes\/nao-sazonal-carvalho-producoes\/\" rel=\"tag\">N\u00e3o Sazonal<\/a>, <a href=\"https:\/\/torres.nuvemidc.com\/~gloriamu\/categoria\/hinos\/nao-sazonal-hinos\/\" rel=\"tag\">N\u00e3o Sazonal<\/a><\/span>\n\t<span class=\"price\"><span class=\"woocommerce-Price-amount amount\"><bdi><span class=\"woocommerce-Price-currencySymbol\">&#82;&#36;<\/span>20,00<\/bdi><\/span> &ndash; <span class=\"woocommerce-Price-amount amount\"><bdi><span class=\"woocommerce-Price-currencySymbol\">&#82;&#36;<\/span>55,00<\/bdi><\/span><\/span>\n<a href=\"https:\/\/torres.nuvemidc.com\/~gloriamu\/produto\/made-in-brasil-2\/\" data-quantity=\"1\" class=\"add-to-cart-button add_to_cart_button  product_type_variable add_to_cart_\" data-product_id=\"24915\" data-product_sku=\"\" aria-label=\"Selecione as op\u00e7\u00f5es para &ldquo;Made In Brasil 2&rdquo;\" rel=\"nofollow\"><i class=\"icon-bag\"><\/i><\/a>\t    <\/div>\n\n\t\t\t<\/a>\t<\/li>\n\t<li class=\"col-md-3 product type-product post-24645 status-publish last instock product_cat-sem-categoria product_tag-a-alegria-do-natal product_tag-cantata-de-natal product_tag-cantata-download product_tag-cantatas-e-musicais product_tag-vocalis product_tag-musical-de-natal has-post-thumbnail shipping-taxable purchasable product-type-variable has-default-attributes\">\n\t\t<a href=\"https:\/\/torres.nuvemidc.com\/~gloriamu\/produto\/musicas-natalinas\/\" class=\"woocommerce-LoopProduct-link woocommerce-loop-product__link\"><div class=\"product-image\"><div class=\"product-image-front\"><img loading=\"lazy\" decoding=\"async\" width=\"300\" height=\"300\" src=\"https:\/\/torres.nuvemidc.com\/~gloriamu\/wp-content\/uploads\/gloriamusic\/2025\/08\/musicas-natalinas-300x300.jpeg\" class=\"attachment-woocommerce_thumbnail size-woocommerce_thumbnail\" alt=\"\" \/><\/div><div class=\"product-image-overlay\"><h4>Ver Detalhes<\/h4><\/div><\/div>\t    <div class=\"product-info\">\n\t    \t<h3 class=\"product-title\">\n          <a href=\"https:\/\/torres.nuvemidc.com\/~gloriamu\/produto\/musicas-natalinas\/\">\n              M\u00fasicas Natalinas          <\/a>\n        <\/h3>\n\t\t\t\t<span class=\"product-categories\"><a href=\"https:\/\/torres.nuvemidc.com\/~gloriamu\/categoria\/sem-categoria\/\" rel=\"tag\">Sem Categoria<\/a><\/span>\n\t<span class=\"price\"><span class=\"woocommerce-Price-amount amount\"><bdi><span class=\"woocommerce-Price-currencySymbol\">&#82;&#36;<\/span>20,00<\/bdi><\/span> &ndash; <span class=\"woocommerce-Price-amount amount\"><bdi><span class=\"woocommerce-Price-currencySymbol\">&#82;&#36;<\/span>40,00<\/bdi><\/span><\/span>\n<a href=\"https:\/\/torres.nuvemidc.com\/~gloriamu\/produto\/musicas-natalinas\/\" data-quantity=\"1\" class=\"add-to-cart-button add_to_cart_button  product_type_variable add_to_cart_\" data-product_id=\"24645\" data-product_sku=\"\" aria-label=\"Selecione as op\u00e7\u00f5es para &ldquo;M\u00fasicas Natalinas&rdquo;\" rel=\"nofollow\"><i class=\"icon-bag\"><\/i><\/a>\t    <\/div>\n\n\t\t\t<\/a>\t<\/li>\n\t<li class=\"col-md-3 product type-product post-24600 status-publish instock product_cat-sem-categoria product_tag-cantata-black product_tag-cantata-black-gospel product_tag-cantata-download product_tag-cantatas-e-musicais product_tag-vocalis product_tag-hino product_tag-hinos-avulsos product_tag-musica-avulsa has-post-thumbnail shipping-taxable purchasable product-type-variable has-default-attributes\">\n\t\t<a href=\"https:\/\/torres.nuvemidc.com\/~gloriamu\/produto\/gloria-in-excelsis-deo\/\" class=\"woocommerce-LoopProduct-link woocommerce-loop-product__link\"><div class=\"product-image\"><div class=\"product-image-front\"><img loading=\"lazy\" decoding=\"async\" width=\"300\" height=\"300\" src=\"https:\/\/torres.nuvemidc.com\/~gloriamu\/wp-content\/uploads\/gloriamusic\/2025\/08\/oucam-anjos-a-cantar-gloria-in-excelsis-deo-capa-cd-300x300.png\" class=\"attachment-woocommerce_thumbnail size-woocommerce_thumbnail\" alt=\"\" \/><\/div><div class=\"product-image-overlay\"><h4>Ver Detalhes<\/h4><\/div><\/div>\t    <div class=\"product-info\">\n\t    \t<h3 class=\"product-title\">\n          <a href=\"https:\/\/torres.nuvemidc.com\/~gloriamu\/produto\/gloria-in-excelsis-deo\/\">\n              Gloria In Excelsis Deo (Dai Gl\u00f3ria)          <\/a>\n        <\/h3>\n\t\t\t\t<span class=\"product-categories\"><a href=\"https:\/\/torres.nuvemidc.com\/~gloriamu\/categoria\/sem-categoria\/\" rel=\"tag\">Sem Categoria<\/a><\/span>\n\t<span class=\"price\"><span class=\"woocommerce-Price-amount amount\"><bdi><span class=\"woocommerce-Price-currencySymbol\">&#82;&#36;<\/span>7,00<\/bdi><\/span> &ndash; <span class=\"woocommerce-Price-amount amount\"><bdi><span class=\"woocommerce-Price-currencySymbol\">&#82;&#36;<\/span>15,00<\/bdi><\/span><\/span>\n<a href=\"https:\/\/torres.nuvemidc.com\/~gloriamu\/produto\/gloria-in-excelsis-deo\/\" data-quantity=\"1\" class=\"add-to-cart-button add_to_cart_button  product_type_variable add_to_cart_\" data-product_id=\"24600\" data-product_sku=\"\" aria-label=\"Selecione as op\u00e7\u00f5es para &ldquo;Gloria In Excelsis Deo (Dai Gl\u00f3ria)&rdquo;\" rel=\"nofollow\"><i class=\"icon-bag\"><\/i><\/a>\t    <\/div>\n\n\t\t\t<\/a>\t<\/li>\n\t<li class=\"col-md-3 product type-product post-24557 status-publish last instock product_cat-lancamentos product_cat-natal product_tag-cantata-com-orquestracao product_tag-cantata-de-natal product_tag-cantata-download product_tag-cantata-jovem product_tag-cantatas-e-musicais product_tag-musical-de-natal product_tag-musical-jovem has-post-thumbnail shipping-taxable purchasable product-type-variable\">\n\t\t<a href=\"https:\/\/torres.nuvemidc.com\/~gloriamu\/produto\/a-procura-do-rei\/\" class=\"woocommerce-LoopProduct-link woocommerce-loop-product__link\"><div class=\"product-image\"><div class=\"product-image-front\"><img loading=\"lazy\" decoding=\"async\" width=\"300\" height=\"300\" src=\"https:\/\/torres.nuvemidc.com\/~gloriamu\/wp-content\/uploads\/gloriamusic\/2025\/08\/a-procura-do-rei-capa-album-300x300.png\" class=\"attachment-woocommerce_thumbnail size-woocommerce_thumbnail\" alt=\"\" \/><\/div><div class=\"product-image-overlay\"><h4>Ver Detalhes<\/h4><\/div><\/div>\t    <div class=\"product-info\">\n\t    \t<h3 class=\"product-title\">\n          <a href=\"https:\/\/torres.nuvemidc.com\/~gloriamu\/produto\/a-procura-do-rei\/\">\n              \u00c0 Procura do Rei          <\/a>\n        <\/h3>\n\t\t\t\t<span class=\"product-categories\"><a href=\"https:\/\/torres.nuvemidc.com\/~gloriamu\/categoria\/lancamentos\/\" rel=\"tag\">Lan\u00e7amentos<\/a>, <a href=\"https:\/\/torres.nuvemidc.com\/~gloriamu\/categoria\/natal\/\" rel=\"tag\">Natal<\/a><\/span>\n\t<span class=\"price\"><span class=\"woocommerce-Price-amount amount\"><bdi><span class=\"woocommerce-Price-currencySymbol\">&#82;&#36;<\/span>25,00<\/bdi><\/span> &ndash; <span class=\"woocommerce-Price-amount amount\"><bdi><span class=\"woocommerce-Price-currencySymbol\">&#82;&#36;<\/span>55,00<\/bdi><\/span><\/span>\n<a href=\"https:\/\/torres.nuvemidc.com\/~gloriamu\/produto\/a-procura-do-rei\/\" data-quantity=\"1\" class=\"add-to-cart-button add_to_cart_button  product_type_variable add_to_cart_\" data-product_id=\"24557\" data-product_sku=\"\" aria-label=\"Selecione as op\u00e7\u00f5es para &ldquo;\u00c0 Procura do Rei&rdquo;\" rel=\"nofollow\"><i class=\"icon-bag\"><\/i><\/a>\t    <\/div>\n\n\t\t\t<\/a>\t<\/li>\n<\/ul><\/div>\n<\/div><div class=\"divider-wrapper \" style=\"visibility:hidden;background-color:#FFFFFF\">\n    <div class=\"visible-xs\" style=\"height:24px;\"><\/div>\n    <div class=\"visible-sm\" style=\"height:24px;\"><\/div>\n    <div class=\"visible-md\" style=\"height:40px;\"><\/div>\n    <div class=\"visible-lg\" style=\"height:40px;\"><\/div>\n<\/div><\/div>        <\/div>\n    <\/div>\n<\/section>\n","protected":false},"excerpt":{"rendered":"Gloria MusicCantatas, Musicais, Compositores, Sons e Temas vocais Quem somos?Uma empresa fundada em 2006, com objetivo de difundir nacionalmente cantatas e musicais nos mais variados estilos, trabalhando com uma excelente equipe de cantores, narradores, arranjadores e versionistas. O que fazemos?Oferecemos material musical com suporte did\u00e1tico para a forma\u00e7\u00e3o e\/ou desenvolvimento do seu coral, grupo vocal","protected":false},"author":1,"featured_media":0,"parent":0,"menu_order":0,"comment_status":"closed","ping_status":"closed","template":"","meta":{"footnotes":""},"yoast_head":"<!-- This site is optimized with the Yoast SEO plugin v23.5 - https:\/\/yoast.com\/wordpress\/plugins\/seo\/ -->\n<title>Quem Somos - Gloria Music<\/title>\n<meta name=\"description\" content=\"Desde 2006 a Gloria Music se destaca pela produ\u00e7\u00e3o e comercializa\u00e7\u00e3o de cantatas e musicais com material did\u00e1tico para corais e grupos vocais.\" \/>\n<meta name=\"robots\" content=\"index, follow, max-snippet:-1, max-image-preview:large, max-video-preview:-1\" \/>\n<link rel=\"canonical\" href=\"https:\/\/www.gloriamusic.com.br\/quem-somos\/\" \/>\n<meta property=\"og:locale\" content=\"pt_BR\" \/>\n<meta property=\"og:type\" content=\"article\" \/>\n<meta property=\"og:title\" content=\"Quem Somos - Gloria Music\" \/>\n<meta property=\"og:description\" content=\"Desde 2006 a Gloria Music se destaca pela produ\u00e7\u00e3o e comercializa\u00e7\u00e3o de cantatas e musicais com material did\u00e1tico para corais e grupos vocais.\" \/>\n<meta property=\"og:url\" content=\"https:\/\/www.gloriamusic.com.br\/quem-somos\/\" \/>\n<meta property=\"og:site_name\" content=\"Gloria Music\" \/>\n<meta property=\"article:publisher\" content=\"https:\/\/www.facebook.com\/gloriamusicproducoes\/\" \/>\n<meta property=\"article:modified_time\" content=\"2024-04-26T14:13:14+00:00\" \/>\n<meta property=\"og:image\" content=\"https:\/\/torres.nuvemidc.com\/~gloriamu\/wp-content\/uploads\/2019\/03\/logo-quadrado.jpg\" \/>\n\t<meta property=\"og:image:width\" content=\"300\" \/>\n\t<meta property=\"og:image:height\" content=\"300\" \/>\n\t<meta property=\"og:image:type\" content=\"image\/jpeg\" \/>\n<meta name=\"twitter:card\" content=\"summary_large_image\" \/>\n<meta name=\"twitter:label1\" content=\"Est. tempo de leitura\" \/>\n\t<meta name=\"twitter:data1\" content=\"1 minuto\" \/>\n<script type=\"application\/ld+json\" class=\"yoast-schema-graph\">{\"@context\":\"https:\/\/schema.org\",\"@graph\":[{\"@type\":\"WebPage\",\"@id\":\"https:\/\/www.gloriamusic.com.br\/quem-somos\/\",\"url\":\"https:\/\/www.gloriamusic.com.br\/quem-somos\/\",\"name\":\"Quem Somos - Gloria Music\",\"isPartOf\":{\"@id\":\"https:\/\/www.gloriamusic.com.br\/#website\"},\"datePublished\":\"2016-04-21T08:31:25+00:00\",\"dateModified\":\"2024-04-26T14:13:14+00:00\",\"description\":\"Desde 2006 a Gloria Music se destaca pela produ\u00e7\u00e3o e comercializa\u00e7\u00e3o de cantatas e musicais com material did\u00e1tico para corais e grupos vocais.\",\"breadcrumb\":{\"@id\":\"https:\/\/www.gloriamusic.com.br\/quem-somos\/#breadcrumb\"},\"inLanguage\":\"pt-BR\",\"potentialAction\":[{\"@type\":\"ReadAction\",\"target\":[\"https:\/\/www.gloriamusic.com.br\/quem-somos\/\"]}]},{\"@type\":\"BreadcrumbList\",\"@id\":\"https:\/\/www.gloriamusic.com.br\/quem-somos\/#breadcrumb\",\"itemListElement\":[{\"@type\":\"ListItem\",\"position\":1,\"name\":\"In\u00edcio\",\"item\":\"https:\/\/www.gloriamusic.com.br\/\"},{\"@type\":\"ListItem\",\"position\":2,\"name\":\"Quem Somos\"}]},{\"@type\":\"WebSite\",\"@id\":\"https:\/\/www.gloriamusic.com.br\/#website\",\"url\":\"https:\/\/www.gloriamusic.com.br\/\",\"name\":\"Gloria Music\",\"description\":\"Cantatas e musicais, m\u00fasica sacra.\",\"publisher\":{\"@id\":\"https:\/\/www.gloriamusic.com.br\/#organization\"},\"potentialAction\":[{\"@type\":\"SearchAction\",\"target\":{\"@type\":\"EntryPoint\",\"urlTemplate\":\"https:\/\/www.gloriamusic.com.br\/?s={search_term_string}\"},\"query-input\":{\"@type\":\"PropertyValueSpecification\",\"valueRequired\":true,\"valueName\":\"search_term_string\"}}],\"inLanguage\":\"pt-BR\"},{\"@type\":\"Organization\",\"@id\":\"https:\/\/www.gloriamusic.com.br\/#organization\",\"name\":\"Gloria Music\",\"url\":\"https:\/\/www.gloriamusic.com.br\/\",\"logo\":{\"@type\":\"ImageObject\",\"inLanguage\":\"pt-BR\",\"@id\":\"https:\/\/www.gloriamusic.com.br\/#\/schema\/logo\/image\/\",\"url\":\"https:\/\/www.gloriamusic.com.br\/wp-content\/uploads\/2018\/12\/logo-color.png\",\"contentUrl\":\"https:\/\/www.gloriamusic.com.br\/wp-content\/uploads\/2018\/12\/logo-color.png\",\"width\":184,\"height\":100,\"caption\":\"Gloria Music\"},\"image\":{\"@id\":\"https:\/\/www.gloriamusic.com.br\/#\/schema\/logo\/image\/\"},\"sameAs\":[\"https:\/\/www.facebook.com\/gloriamusicproducoes\/\"]}]}<\/script>\n<!-- \/ Yoast SEO plugin. -->","yoast_head_json":{"title":"Quem Somos - Gloria Music","description":"Desde 2006 a Gloria Music se destaca pela produ\u00e7\u00e3o e comercializa\u00e7\u00e3o de cantatas e musicais com material did\u00e1tico para corais e grupos vocais.","robots":{"index":"index","follow":"follow","max-snippet":"max-snippet:-1","max-image-preview":"max-image-preview:large","max-video-preview":"max-video-preview:-1"},"canonical":"https:\/\/www.gloriamusic.com.br\/quem-somos\/","og_locale":"pt_BR","og_type":"article","og_title":"Quem Somos - Gloria Music","og_description":"Desde 2006 a Gloria Music se destaca pela produ\u00e7\u00e3o e comercializa\u00e7\u00e3o de cantatas e musicais com material did\u00e1tico para corais e grupos vocais.","og_url":"https:\/\/www.gloriamusic.com.br\/quem-somos\/","og_site_name":"Gloria Music","article_publisher":"https:\/\/www.facebook.com\/gloriamusicproducoes\/","article_modified_time":"2024-04-26T14:13:14+00:00","og_image":[{"width":300,"height":300,"url":"https:\/\/torres.nuvemidc.com\/~gloriamu\/wp-content\/uploads\/2019\/03\/logo-quadrado.jpg","type":"image\/jpeg"}],"twitter_card":"summary_large_image","twitter_misc":{"Est. tempo de leitura":"1 minuto"},"schema":{"@context":"https:\/\/schema.org","@graph":[{"@type":"WebPage","@id":"https:\/\/www.gloriamusic.com.br\/quem-somos\/","url":"https:\/\/www.gloriamusic.com.br\/quem-somos\/","name":"Quem Somos - Gloria Music","isPartOf":{"@id":"https:\/\/www.gloriamusic.com.br\/#website"},"datePublished":"2016-04-21T08:31:25+00:00","dateModified":"2024-04-26T14:13:14+00:00","description":"Desde 2006 a Gloria Music se destaca pela produ\u00e7\u00e3o e comercializa\u00e7\u00e3o de cantatas e musicais com material did\u00e1tico para corais e grupos vocais.","breadcrumb":{"@id":"https:\/\/www.gloriamusic.com.br\/quem-somos\/#breadcrumb"},"inLanguage":"pt-BR","potentialAction":[{"@type":"ReadAction","target":["https:\/\/www.gloriamusic.com.br\/quem-somos\/"]}]},{"@type":"BreadcrumbList","@id":"https:\/\/www.gloriamusic.com.br\/quem-somos\/#breadcrumb","itemListElement":[{"@type":"ListItem","position":1,"name":"In\u00edcio","item":"https:\/\/www.gloriamusic.com.br\/"},{"@type":"ListItem","position":2,"name":"Quem Somos"}]},{"@type":"WebSite","@id":"https:\/\/www.gloriamusic.com.br\/#website","url":"https:\/\/www.gloriamusic.com.br\/","name":"Gloria Music","description":"Cantatas e musicais, m\u00fasica sacra.","publisher":{"@id":"https:\/\/www.gloriamusic.com.br\/#organization"},"potentialAction":[{"@type":"SearchAction","target":{"@type":"EntryPoint","urlTemplate":"https:\/\/www.gloriamusic.com.br\/?s={search_term_string}"},"query-input":{"@type":"PropertyValueSpecification","valueRequired":true,"valueName":"search_term_string"}}],"inLanguage":"pt-BR"},{"@type":"Organization","@id":"https:\/\/www.gloriamusic.com.br\/#organization","name":"Gloria Music","url":"https:\/\/www.gloriamusic.com.br\/","logo":{"@type":"ImageObject","inLanguage":"pt-BR","@id":"https:\/\/www.gloriamusic.com.br\/#\/schema\/logo\/image\/","url":"https:\/\/www.gloriamusic.com.br\/wp-content\/uploads\/2018\/12\/logo-color.png","contentUrl":"https:\/\/www.gloriamusic.com.br\/wp-content\/uploads\/2018\/12\/logo-color.png","width":184,"height":100,"caption":"Gloria Music"},"image":{"@id":"https:\/\/www.gloriamusic.com.br\/#\/schema\/logo\/image\/"},"sameAs":["https:\/\/www.facebook.com\/gloriamusicproducoes\/"]}]}},"_links":{"self":[{"href":"https:\/\/torres.nuvemidc.com\/~gloriamu\/wp-json\/wp\/v2\/pages\/185"}],"collection":[{"href":"https:\/\/torres.nuvemidc.com\/~gloriamu\/wp-json\/wp\/v2\/pages"}],"about":[{"href":"https:\/\/torres.nuvemidc.com\/~gloriamu\/wp-json\/wp\/v2\/types\/page"}],"author":[{"embeddable":true,"href":"https:\/\/torres.nuvemidc.com\/~gloriamu\/wp-json\/wp\/v2\/users\/1"}],"replies":[{"embeddable":true,"href":"https:\/\/torres.nuvemidc.com\/~gloriamu\/wp-json\/wp\/v2\/comments?post=185"}],"version-history":[{"count":5,"href":"https:\/\/torres.nuvemidc.com\/~gloriamu\/wp-json\/wp\/v2\/pages\/185\/revisions"}],"predecessor-version":[{"id":1578,"href":"https:\/\/torres.nuvemidc.com\/~gloriamu\/wp-json\/wp\/v2\/pages\/185\/revisions\/1578"}],"wp:attachment":[{"href":"https:\/\/torres.nuvemidc.com\/~gloriamu\/wp-json\/wp\/v2\/media?parent=185"}],"curies":[{"name":"wp","href":"https:\/\/api.w.org\/{rel}","templated":true}]}}