{"id":10190,"date":"2021-01-07T15:47:53","date_gmt":"2021-01-07T18:47:53","guid":{"rendered":"https:\/\/www.gloriamusic.com.br\/?post_type=product&#038;p=10190"},"modified":"2025-12-22T22:23:14","modified_gmt":"2025-12-23T01:23:14","slug":"cordeiro-e-leao","status":"publish","type":"product","link":"https:\/\/torres.nuvemidc.com\/~gloriamu\/produto\/cordeiro-e-leao\/","title":{"rendered":"Cordeiro e Le\u00e3o"},"content":{"rendered":"<p>Inicialmente, o musical apresenta-nos um Cordeiro (o Cristo que vai morrer temporariamente), que na cena de sua fragilidade, geme sozinho, invis\u00edvel e penoso. Na sequ\u00eancia, o musical apresenta-nos um Le\u00e3o (o Cristo que vive eternamente), que na cena de seu triunfo, ruge imortal, eterno e poderoso. Duas palavras resumem eficazmente Cordeiro &amp; Le\u00e3o (o musical): como\u00e7\u00e3o e majestade.<\/p>\n<p>Antes do rugido de ressurrei\u00e7\u00e3o que \u00e9 dado na festa da morte sobre a vida em \u201cVivo Est\u00e1\u201d, o musical inspira-nos \u00e0 gratid\u00e3o, atrav\u00e9s de \u201cQuando Ele me viu\u201d levando-nos a uma intensa contri\u00e7\u00e3o em \u201cJesus lavou os meus pecados\u201d.<\/p>\n<p>Com voc\u00eas: Cordeiro &amp; Le\u00e3o (o musical), porque&#8230;<\/p>\n<p><strong>\u201cTr\u00eas dias s\u00e3o tempo suficiente <\/strong><strong>para que coisas extraordin\u00e1rias aconte\u00e7am, <\/strong><strong>transformando o gemido de um fr\u00e1gil Cordeiro <\/strong><strong>no rugido de um valente le\u00e3o!&#8221;<\/strong><\/p>\n<p>Wilton Joscel &#8211; Produtor.<\/p>\n<p>Gloria Music &#8211; Cantatas e Musicais.<\/p>\n<h4>Informa\u00e7\u00f5es Gerais:<\/h4>\n<p>Dificuldade: Moderada<br \/>\nVozes: SCTB<br \/>\nTemporada: P\u00e1scoa \/ Evangel\u00edstica<br \/>\nClassifica\u00e7\u00e3o: Jovem \/ Adulto<br \/>\nEstilo: Variado<br \/>\nDura\u00e7\u00e3o: 41 min.<\/p>\n<p>Cria\u00e7\u00e3o:<br \/>\nArranjado por David Moffitt e Travis Cottrell<br \/>\nTraduzido e Adaptado por Wilton Joscel<\/p>\n","protected":false},"excerpt":{"rendered":"<p>Gloria Music &#8211; Cantatas de Natal, P\u00e1scoa, Colet\u00e2neas.<br \/>\nMaterial para Coro e\/ou Grupo Vocal em formato Download: Partitura, Demonstra\u00e7\u00e3o, Playbacks e Kits de Voz.<\/p>\n","protected":false},"featured_media":10212,"comment_status":"closed","ping_status":"closed","template":"","meta":[],"product_cat":[68],"product_tag":[128,141,149,140,143,150],"yoast_head":"<!-- This site is optimized with the Yoast SEO plugin v23.5 - https:\/\/yoast.com\/wordpress\/plugins\/seo\/ -->\n<title>Cordeiro e Le\u00e3o - Gloria Music<\/title>\n<meta name=\"robots\" content=\"index, follow, max-snippet:-1, max-image-preview:large, max-video-preview:-1\" \/>\n<link rel=\"canonical\" href=\"https:\/\/www.gloriamusic.com.br\/produto\/cordeiro-e-leao\/\" \/>\n<meta property=\"og:locale\" content=\"pt_BR\" \/>\n<meta property=\"og:type\" content=\"article\" \/>\n<meta property=\"og:title\" content=\"Cordeiro e Le\u00e3o - Gloria Music\" \/>\n<meta property=\"og:description\" content=\"Gloria Music - Cantatas de Natal, P\u00e1scoa, Colet\u00e2neas. Material para Coro e\/ou Grupo Vocal em formato Download: Partitura, Demonstra\u00e7\u00e3o, Playbacks e Kits de Voz.\" \/>\n<meta property=\"og:url\" content=\"https:\/\/www.gloriamusic.com.br\/produto\/cordeiro-e-leao\/\" \/>\n<meta property=\"og:site_name\" content=\"Gloria Music\" \/>\n<meta property=\"article:publisher\" content=\"https:\/\/www.facebook.com\/gloriamusicproducoes\/\" \/>\n<meta property=\"article:modified_time\" content=\"2025-12-23T01:23:14+00:00\" \/>\n<meta property=\"og:image\" content=\"https:\/\/www.gloriamusic.com.br\/wp-content\/uploads\/gloriamusic\/2021\/01\/capasite.jpg\" \/>\n\t<meta property=\"og:image:width\" content=\"584\" \/>\n\t<meta property=\"og:image:height\" content=\"587\" \/>\n\t<meta property=\"og:image:type\" content=\"image\/jpeg\" \/>\n<meta name=\"twitter:card\" content=\"summary_large_image\" \/>\n<meta name=\"twitter:label1\" content=\"Est. tempo de leitura\" \/>\n\t<meta name=\"twitter:data1\" content=\"2 minutos\" \/>\n<script type=\"application\/ld+json\" class=\"yoast-schema-graph\">{\"@context\":\"https:\/\/schema.org\",\"@graph\":[{\"@type\":\"WebPage\",\"@id\":\"https:\/\/www.gloriamusic.com.br\/produto\/cordeiro-e-leao\/\",\"url\":\"https:\/\/www.gloriamusic.com.br\/produto\/cordeiro-e-leao\/\",\"name\":\"Cordeiro e Le\u00e3o - Gloria Music\",\"isPartOf\":{\"@id\":\"https:\/\/www.gloriamusic.com.br\/#website\"},\"primaryImageOfPage\":{\"@id\":\"https:\/\/www.gloriamusic.com.br\/produto\/cordeiro-e-leao\/#primaryimage\"},\"image\":{\"@id\":\"https:\/\/www.gloriamusic.com.br\/produto\/cordeiro-e-leao\/#primaryimage\"},\"thumbnailUrl\":\"https:\/\/torres.nuvemidc.com\/~gloriamu\/wp-content\/uploads\/gloriamusic\/2021\/01\/capasite.jpg\",\"datePublished\":\"2021-01-07T18:47:53+00:00\",\"dateModified\":\"2025-12-23T01:23:14+00:00\",\"breadcrumb\":{\"@id\":\"https:\/\/www.gloriamusic.com.br\/produto\/cordeiro-e-leao\/#breadcrumb\"},\"inLanguage\":\"pt-BR\",\"potentialAction\":[{\"@type\":\"ReadAction\",\"target\":[\"https:\/\/www.gloriamusic.com.br\/produto\/cordeiro-e-leao\/\"]}]},{\"@type\":\"ImageObject\",\"inLanguage\":\"pt-BR\",\"@id\":\"https:\/\/www.gloriamusic.com.br\/produto\/cordeiro-e-leao\/#primaryimage\",\"url\":\"https:\/\/torres.nuvemidc.com\/~gloriamu\/wp-content\/uploads\/gloriamusic\/2021\/01\/capasite.jpg\",\"contentUrl\":\"https:\/\/torres.nuvemidc.com\/~gloriamu\/wp-content\/uploads\/gloriamusic\/2021\/01\/capasite.jpg\",\"width\":584,\"height\":587},{\"@type\":\"BreadcrumbList\",\"@id\":\"https:\/\/www.gloriamusic.com.br\/produto\/cordeiro-e-leao\/#breadcrumb\",\"itemListElement\":[{\"@type\":\"ListItem\",\"position\":1,\"name\":\"In\u00edcio\",\"item\":\"https:\/\/www.gloriamusic.com.br\/\"},{\"@type\":\"ListItem\",\"position\":2,\"name\":\"Loja\",\"item\":\"https:\/\/www.gloriamusic.com.br\/shop\/\"},{\"@type\":\"ListItem\",\"position\":3,\"name\":\"Cordeiro e Le\u00e3o\"}]},{\"@type\":\"WebSite\",\"@id\":\"https:\/\/www.gloriamusic.com.br\/#website\",\"url\":\"https:\/\/www.gloriamusic.com.br\/\",\"name\":\"Gloria Music\",\"description\":\"Cantatas e musicais, m\u00fasica sacra.\",\"publisher\":{\"@id\":\"https:\/\/www.gloriamusic.com.br\/#organization\"},\"potentialAction\":[{\"@type\":\"SearchAction\",\"target\":{\"@type\":\"EntryPoint\",\"urlTemplate\":\"https:\/\/www.gloriamusic.com.br\/?s={search_term_string}\"},\"query-input\":{\"@type\":\"PropertyValueSpecification\",\"valueRequired\":true,\"valueName\":\"search_term_string\"}}],\"inLanguage\":\"pt-BR\"},{\"@type\":\"Organization\",\"@id\":\"https:\/\/www.gloriamusic.com.br\/#organization\",\"name\":\"Gloria Music\",\"url\":\"https:\/\/www.gloriamusic.com.br\/\",\"logo\":{\"@type\":\"ImageObject\",\"inLanguage\":\"pt-BR\",\"@id\":\"https:\/\/www.gloriamusic.com.br\/#\/schema\/logo\/image\/\",\"url\":\"https:\/\/www.gloriamusic.com.br\/wp-content\/uploads\/2018\/12\/logo-color.png\",\"contentUrl\":\"https:\/\/www.gloriamusic.com.br\/wp-content\/uploads\/2018\/12\/logo-color.png\",\"width\":184,\"height\":100,\"caption\":\"Gloria Music\"},\"image\":{\"@id\":\"https:\/\/www.gloriamusic.com.br\/#\/schema\/logo\/image\/\"},\"sameAs\":[\"https:\/\/www.facebook.com\/gloriamusicproducoes\/\"]}]}<\/script>\n<!-- \/ Yoast SEO plugin. -->","yoast_head_json":{"title":"Cordeiro e Le\u00e3o - Gloria Music","robots":{"index":"index","follow":"follow","max-snippet":"max-snippet:-1","max-image-preview":"max-image-preview:large","max-video-preview":"max-video-preview:-1"},"canonical":"https:\/\/www.gloriamusic.com.br\/produto\/cordeiro-e-leao\/","og_locale":"pt_BR","og_type":"article","og_title":"Cordeiro e Le\u00e3o - Gloria Music","og_description":"Gloria Music - Cantatas de Natal, P\u00e1scoa, Colet\u00e2neas. Material para Coro e\/ou Grupo Vocal em formato Download: Partitura, Demonstra\u00e7\u00e3o, Playbacks e Kits de Voz.","og_url":"https:\/\/www.gloriamusic.com.br\/produto\/cordeiro-e-leao\/","og_site_name":"Gloria Music","article_publisher":"https:\/\/www.facebook.com\/gloriamusicproducoes\/","article_modified_time":"2025-12-23T01:23:14+00:00","og_image":[{"width":584,"height":587,"url":"https:\/\/www.gloriamusic.com.br\/wp-content\/uploads\/gloriamusic\/2021\/01\/capasite.jpg","type":"image\/jpeg"}],"twitter_card":"summary_large_image","twitter_misc":{"Est. tempo de leitura":"2 minutos"},"schema":{"@context":"https:\/\/schema.org","@graph":[{"@type":"WebPage","@id":"https:\/\/www.gloriamusic.com.br\/produto\/cordeiro-e-leao\/","url":"https:\/\/www.gloriamusic.com.br\/produto\/cordeiro-e-leao\/","name":"Cordeiro e Le\u00e3o - Gloria Music","isPartOf":{"@id":"https:\/\/www.gloriamusic.com.br\/#website"},"primaryImageOfPage":{"@id":"https:\/\/www.gloriamusic.com.br\/produto\/cordeiro-e-leao\/#primaryimage"},"image":{"@id":"https:\/\/www.gloriamusic.com.br\/produto\/cordeiro-e-leao\/#primaryimage"},"thumbnailUrl":"https:\/\/torres.nuvemidc.com\/~gloriamu\/wp-content\/uploads\/gloriamusic\/2021\/01\/capasite.jpg","datePublished":"2021-01-07T18:47:53+00:00","dateModified":"2025-12-23T01:23:14+00:00","breadcrumb":{"@id":"https:\/\/www.gloriamusic.com.br\/produto\/cordeiro-e-leao\/#breadcrumb"},"inLanguage":"pt-BR","potentialAction":[{"@type":"ReadAction","target":["https:\/\/www.gloriamusic.com.br\/produto\/cordeiro-e-leao\/"]}]},{"@type":"ImageObject","inLanguage":"pt-BR","@id":"https:\/\/www.gloriamusic.com.br\/produto\/cordeiro-e-leao\/#primaryimage","url":"https:\/\/torres.nuvemidc.com\/~gloriamu\/wp-content\/uploads\/gloriamusic\/2021\/01\/capasite.jpg","contentUrl":"https:\/\/torres.nuvemidc.com\/~gloriamu\/wp-content\/uploads\/gloriamusic\/2021\/01\/capasite.jpg","width":584,"height":587},{"@type":"BreadcrumbList","@id":"https:\/\/www.gloriamusic.com.br\/produto\/cordeiro-e-leao\/#breadcrumb","itemListElement":[{"@type":"ListItem","position":1,"name":"In\u00edcio","item":"https:\/\/www.gloriamusic.com.br\/"},{"@type":"ListItem","position":2,"name":"Loja","item":"https:\/\/www.gloriamusic.com.br\/shop\/"},{"@type":"ListItem","position":3,"name":"Cordeiro e Le\u00e3o"}]},{"@type":"WebSite","@id":"https:\/\/www.gloriamusic.com.br\/#website","url":"https:\/\/www.gloriamusic.com.br\/","name":"Gloria Music","description":"Cantatas e musicais, m\u00fasica sacra.","publisher":{"@id":"https:\/\/www.gloriamusic.com.br\/#organization"},"potentialAction":[{"@type":"SearchAction","target":{"@type":"EntryPoint","urlTemplate":"https:\/\/www.gloriamusic.com.br\/?s={search_term_string}"},"query-input":{"@type":"PropertyValueSpecification","valueRequired":true,"valueName":"search_term_string"}}],"inLanguage":"pt-BR"},{"@type":"Organization","@id":"https:\/\/www.gloriamusic.com.br\/#organization","name":"Gloria Music","url":"https:\/\/www.gloriamusic.com.br\/","logo":{"@type":"ImageObject","inLanguage":"pt-BR","@id":"https:\/\/www.gloriamusic.com.br\/#\/schema\/logo\/image\/","url":"https:\/\/www.gloriamusic.com.br\/wp-content\/uploads\/2018\/12\/logo-color.png","contentUrl":"https:\/\/www.gloriamusic.com.br\/wp-content\/uploads\/2018\/12\/logo-color.png","width":184,"height":100,"caption":"Gloria Music"},"image":{"@id":"https:\/\/www.gloriamusic.com.br\/#\/schema\/logo\/image\/"},"sameAs":["https:\/\/www.facebook.com\/gloriamusicproducoes\/"]}]}},"_links":{"self":[{"href":"https:\/\/torres.nuvemidc.com\/~gloriamu\/wp-json\/wp\/v2\/product\/10190"}],"collection":[{"href":"https:\/\/torres.nuvemidc.com\/~gloriamu\/wp-json\/wp\/v2\/product"}],"about":[{"href":"https:\/\/torres.nuvemidc.com\/~gloriamu\/wp-json\/wp\/v2\/types\/product"}],"replies":[{"embeddable":true,"href":"https:\/\/torres.nuvemidc.com\/~gloriamu\/wp-json\/wp\/v2\/comments?post=10190"}],"wp:featuredmedia":[{"embeddable":true,"href":"https:\/\/torres.nuvemidc.com\/~gloriamu\/wp-json\/wp\/v2\/media\/10212"}],"wp:attachment":[{"href":"https:\/\/torres.nuvemidc.com\/~gloriamu\/wp-json\/wp\/v2\/media?parent=10190"}],"wp:term":[{"taxonomy":"product_cat","embeddable":true,"href":"https:\/\/torres.nuvemidc.com\/~gloriamu\/wp-json\/wp\/v2\/product_cat?post=10190"},{"taxonomy":"product_tag","embeddable":true,"href":"https:\/\/torres.nuvemidc.com\/~gloriamu\/wp-json\/wp\/v2\/product_tag?post=10190"}],"curies":[{"name":"wp","href":"https:\/\/api.w.org\/{rel}","templated":true}]}}