{"id":1528,"date":"2019-04-10T11:39:32","date_gmt":"2019-04-10T14:39:32","guid":{"rendered":"https:\/\/www.gloriamusic.com.br\/?post_type=product&#038;p=1528"},"modified":"2023-04-23T19:43:49","modified_gmt":"2023-04-23T22:43:49","slug":"musica-glorificar-a-ti","status":"publish","type":"product","link":"https:\/\/torres.nuvemidc.com\/~gloriamu\/produto\/musica-glorificar-a-ti\/","title":{"rendered":"Glorificar a Ti"},"content":{"rendered":"<p>Esta m\u00fasica faz parte do \u00e1lbum Em Adora\u00e7\u00e3o (N\u00e3o Sazonal).<br \/>\nGravada pelo Grupo Vocalis.<br \/>\nGloria Music &#8211; Cantatas e Musicais.<\/p>\n<p>&nbsp;<\/p>\n<h4>Informa\u00e7\u00f5es Gerais<\/h4>\n<p>Produ\u00e7\u00e3o Executiva: Gloria Music<br \/>\nDificuldade: Moderada<br \/>\nVozes: SCTB<br \/>\nOcasi\u00e3o: N\u00e3o Sazonal<br \/>\nClassifica\u00e7\u00e3o: Jovem \/ Adulto<br \/>\nEstilo: Adora\u00e7\u00e3o<\/p>\n<p>Letra e M\u00fasica: Kevin Singleton<br \/>\nArranjos: Bradley Knight e Regi Stone<br \/>\nVers\u00e3o: Andr\u00e9 Salles e L\u00e9o Monteiro<\/p>\n","protected":false},"excerpt":{"rendered":"<p>Grupo Vocalis<\/p>\n","protected":false},"featured_media":1702,"comment_status":"closed","ping_status":"closed","template":"","meta":[],"product_cat":[105,108],"product_tag":[144,141,149,140,93,133,154,155,145,150,146],"yoast_head":"<!-- This site is optimized with the Yoast SEO plugin v23.5 - https:\/\/yoast.com\/wordpress\/plugins\/seo\/ -->\n<title>Glorificar a Ti - Gloria Music<\/title>\n<meta name=\"robots\" content=\"index, follow, max-snippet:-1, max-image-preview:large, max-video-preview:-1\" \/>\n<link rel=\"canonical\" href=\"https:\/\/torres.nuvemidc.com\/~gloriamu\/produto\/musica-glorificar-a-ti\/\" \/>\n<meta property=\"og:locale\" content=\"pt_BR\" \/>\n<meta property=\"og:type\" content=\"article\" \/>\n<meta property=\"og:title\" content=\"Glorificar a Ti - Gloria Music\" \/>\n<meta property=\"og:description\" content=\"Grupo Vocalis\" \/>\n<meta property=\"og:url\" content=\"https:\/\/torres.nuvemidc.com\/~gloriamu\/produto\/musica-glorificar-a-ti\/\" \/>\n<meta property=\"og:site_name\" content=\"Gloria Music\" \/>\n<meta property=\"article:publisher\" content=\"https:\/\/www.facebook.com\/gloriamusicproducoes\/\" \/>\n<meta property=\"article:modified_time\" content=\"2023-04-23T22:43:49+00:00\" \/>\n<meta property=\"og:image\" content=\"https:\/\/torres.nuvemidc.com\/~gloriamu\/wp-content\/uploads\/2019\/05\/capa-glorificar-a-ti.jpeg\" \/>\n\t<meta property=\"og:image:width\" content=\"1242\" \/>\n\t<meta property=\"og:image:height\" content=\"1242\" \/>\n\t<meta property=\"og:image:type\" content=\"image\/jpeg\" \/>\n<meta name=\"twitter:card\" content=\"summary_large_image\" \/>\n<script type=\"application\/ld+json\" class=\"yoast-schema-graph\">{\"@context\":\"https:\/\/schema.org\",\"@graph\":[{\"@type\":\"WebPage\",\"@id\":\"https:\/\/torres.nuvemidc.com\/~gloriamu\/produto\/musica-glorificar-a-ti\/\",\"url\":\"https:\/\/torres.nuvemidc.com\/~gloriamu\/produto\/musica-glorificar-a-ti\/\",\"name\":\"Glorificar a Ti - Gloria Music\",\"isPartOf\":{\"@id\":\"https:\/\/www.gloriamusic.com.br\/#website\"},\"primaryImageOfPage\":{\"@id\":\"https:\/\/torres.nuvemidc.com\/~gloriamu\/produto\/musica-glorificar-a-ti\/#primaryimage\"},\"image\":{\"@id\":\"https:\/\/torres.nuvemidc.com\/~gloriamu\/produto\/musica-glorificar-a-ti\/#primaryimage\"},\"thumbnailUrl\":\"https:\/\/torres.nuvemidc.com\/~gloriamu\/wp-content\/uploads\/2019\/05\/capa-glorificar-a-ti.jpeg\",\"datePublished\":\"2019-04-10T14:39:32+00:00\",\"dateModified\":\"2023-04-23T22:43:49+00:00\",\"breadcrumb\":{\"@id\":\"https:\/\/torres.nuvemidc.com\/~gloriamu\/produto\/musica-glorificar-a-ti\/#breadcrumb\"},\"inLanguage\":\"pt-BR\",\"potentialAction\":[{\"@type\":\"ReadAction\",\"target\":[\"https:\/\/torres.nuvemidc.com\/~gloriamu\/produto\/musica-glorificar-a-ti\/\"]}]},{\"@type\":\"ImageObject\",\"inLanguage\":\"pt-BR\",\"@id\":\"https:\/\/torres.nuvemidc.com\/~gloriamu\/produto\/musica-glorificar-a-ti\/#primaryimage\",\"url\":\"https:\/\/torres.nuvemidc.com\/~gloriamu\/wp-content\/uploads\/2019\/05\/capa-glorificar-a-ti.jpeg\",\"contentUrl\":\"https:\/\/torres.nuvemidc.com\/~gloriamu\/wp-content\/uploads\/2019\/05\/capa-glorificar-a-ti.jpeg\",\"width\":1242,\"height\":1242},{\"@type\":\"BreadcrumbList\",\"@id\":\"https:\/\/torres.nuvemidc.com\/~gloriamu\/produto\/musica-glorificar-a-ti\/#breadcrumb\",\"itemListElement\":[{\"@type\":\"ListItem\",\"position\":1,\"name\":\"In\u00edcio\",\"item\":\"https:\/\/www.gloriamusic.com.br\/\"},{\"@type\":\"ListItem\",\"position\":2,\"name\":\"Loja\",\"item\":\"https:\/\/www.gloriamusic.com.br\/shop\/\"},{\"@type\":\"ListItem\",\"position\":3,\"name\":\"Glorificar a Ti\"}]},{\"@type\":\"WebSite\",\"@id\":\"https:\/\/www.gloriamusic.com.br\/#website\",\"url\":\"https:\/\/www.gloriamusic.com.br\/\",\"name\":\"Gloria Music\",\"description\":\"Cantatas e musicais, m\u00fasica sacra.\",\"publisher\":{\"@id\":\"https:\/\/www.gloriamusic.com.br\/#organization\"},\"potentialAction\":[{\"@type\":\"SearchAction\",\"target\":{\"@type\":\"EntryPoint\",\"urlTemplate\":\"https:\/\/www.gloriamusic.com.br\/?s={search_term_string}\"},\"query-input\":{\"@type\":\"PropertyValueSpecification\",\"valueRequired\":true,\"valueName\":\"search_term_string\"}}],\"inLanguage\":\"pt-BR\"},{\"@type\":\"Organization\",\"@id\":\"https:\/\/www.gloriamusic.com.br\/#organization\",\"name\":\"Gloria Music\",\"url\":\"https:\/\/www.gloriamusic.com.br\/\",\"logo\":{\"@type\":\"ImageObject\",\"inLanguage\":\"pt-BR\",\"@id\":\"https:\/\/www.gloriamusic.com.br\/#\/schema\/logo\/image\/\",\"url\":\"https:\/\/www.gloriamusic.com.br\/wp-content\/uploads\/2018\/12\/logo-color.png\",\"contentUrl\":\"https:\/\/www.gloriamusic.com.br\/wp-content\/uploads\/2018\/12\/logo-color.png\",\"width\":184,\"height\":100,\"caption\":\"Gloria Music\"},\"image\":{\"@id\":\"https:\/\/www.gloriamusic.com.br\/#\/schema\/logo\/image\/\"},\"sameAs\":[\"https:\/\/www.facebook.com\/gloriamusicproducoes\/\"]}]}<\/script>\n<!-- \/ Yoast SEO plugin. -->","yoast_head_json":{"title":"Glorificar a Ti - Gloria Music","robots":{"index":"index","follow":"follow","max-snippet":"max-snippet:-1","max-image-preview":"max-image-preview:large","max-video-preview":"max-video-preview:-1"},"canonical":"https:\/\/torres.nuvemidc.com\/~gloriamu\/produto\/musica-glorificar-a-ti\/","og_locale":"pt_BR","og_type":"article","og_title":"Glorificar a Ti - Gloria Music","og_description":"Grupo Vocalis","og_url":"https:\/\/torres.nuvemidc.com\/~gloriamu\/produto\/musica-glorificar-a-ti\/","og_site_name":"Gloria Music","article_publisher":"https:\/\/www.facebook.com\/gloriamusicproducoes\/","article_modified_time":"2023-04-23T22:43:49+00:00","og_image":[{"width":1242,"height":1242,"url":"https:\/\/torres.nuvemidc.com\/~gloriamu\/wp-content\/uploads\/2019\/05\/capa-glorificar-a-ti.jpeg","type":"image\/jpeg"}],"twitter_card":"summary_large_image","schema":{"@context":"https:\/\/schema.org","@graph":[{"@type":"WebPage","@id":"https:\/\/torres.nuvemidc.com\/~gloriamu\/produto\/musica-glorificar-a-ti\/","url":"https:\/\/torres.nuvemidc.com\/~gloriamu\/produto\/musica-glorificar-a-ti\/","name":"Glorificar a Ti - Gloria Music","isPartOf":{"@id":"https:\/\/www.gloriamusic.com.br\/#website"},"primaryImageOfPage":{"@id":"https:\/\/torres.nuvemidc.com\/~gloriamu\/produto\/musica-glorificar-a-ti\/#primaryimage"},"image":{"@id":"https:\/\/torres.nuvemidc.com\/~gloriamu\/produto\/musica-glorificar-a-ti\/#primaryimage"},"thumbnailUrl":"https:\/\/torres.nuvemidc.com\/~gloriamu\/wp-content\/uploads\/2019\/05\/capa-glorificar-a-ti.jpeg","datePublished":"2019-04-10T14:39:32+00:00","dateModified":"2023-04-23T22:43:49+00:00","breadcrumb":{"@id":"https:\/\/torres.nuvemidc.com\/~gloriamu\/produto\/musica-glorificar-a-ti\/#breadcrumb"},"inLanguage":"pt-BR","potentialAction":[{"@type":"ReadAction","target":["https:\/\/torres.nuvemidc.com\/~gloriamu\/produto\/musica-glorificar-a-ti\/"]}]},{"@type":"ImageObject","inLanguage":"pt-BR","@id":"https:\/\/torres.nuvemidc.com\/~gloriamu\/produto\/musica-glorificar-a-ti\/#primaryimage","url":"https:\/\/torres.nuvemidc.com\/~gloriamu\/wp-content\/uploads\/2019\/05\/capa-glorificar-a-ti.jpeg","contentUrl":"https:\/\/torres.nuvemidc.com\/~gloriamu\/wp-content\/uploads\/2019\/05\/capa-glorificar-a-ti.jpeg","width":1242,"height":1242},{"@type":"BreadcrumbList","@id":"https:\/\/torres.nuvemidc.com\/~gloriamu\/produto\/musica-glorificar-a-ti\/#breadcrumb","itemListElement":[{"@type":"ListItem","position":1,"name":"In\u00edcio","item":"https:\/\/www.gloriamusic.com.br\/"},{"@type":"ListItem","position":2,"name":"Loja","item":"https:\/\/www.gloriamusic.com.br\/shop\/"},{"@type":"ListItem","position":3,"name":"Glorificar a Ti"}]},{"@type":"WebSite","@id":"https:\/\/www.gloriamusic.com.br\/#website","url":"https:\/\/www.gloriamusic.com.br\/","name":"Gloria Music","description":"Cantatas e musicais, m\u00fasica sacra.","publisher":{"@id":"https:\/\/www.gloriamusic.com.br\/#organization"},"potentialAction":[{"@type":"SearchAction","target":{"@type":"EntryPoint","urlTemplate":"https:\/\/www.gloriamusic.com.br\/?s={search_term_string}"},"query-input":{"@type":"PropertyValueSpecification","valueRequired":true,"valueName":"search_term_string"}}],"inLanguage":"pt-BR"},{"@type":"Organization","@id":"https:\/\/www.gloriamusic.com.br\/#organization","name":"Gloria Music","url":"https:\/\/www.gloriamusic.com.br\/","logo":{"@type":"ImageObject","inLanguage":"pt-BR","@id":"https:\/\/www.gloriamusic.com.br\/#\/schema\/logo\/image\/","url":"https:\/\/www.gloriamusic.com.br\/wp-content\/uploads\/2018\/12\/logo-color.png","contentUrl":"https:\/\/www.gloriamusic.com.br\/wp-content\/uploads\/2018\/12\/logo-color.png","width":184,"height":100,"caption":"Gloria Music"},"image":{"@id":"https:\/\/www.gloriamusic.com.br\/#\/schema\/logo\/image\/"},"sameAs":["https:\/\/www.facebook.com\/gloriamusicproducoes\/"]}]}},"_links":{"self":[{"href":"https:\/\/torres.nuvemidc.com\/~gloriamu\/wp-json\/wp\/v2\/product\/1528"}],"collection":[{"href":"https:\/\/torres.nuvemidc.com\/~gloriamu\/wp-json\/wp\/v2\/product"}],"about":[{"href":"https:\/\/torres.nuvemidc.com\/~gloriamu\/wp-json\/wp\/v2\/types\/product"}],"replies":[{"embeddable":true,"href":"https:\/\/torres.nuvemidc.com\/~gloriamu\/wp-json\/wp\/v2\/comments?post=1528"}],"wp:featuredmedia":[{"embeddable":true,"href":"https:\/\/torres.nuvemidc.com\/~gloriamu\/wp-json\/wp\/v2\/media\/1702"}],"wp:attachment":[{"href":"https:\/\/torres.nuvemidc.com\/~gloriamu\/wp-json\/wp\/v2\/media?parent=1528"}],"wp:term":[{"taxonomy":"product_cat","embeddable":true,"href":"https:\/\/torres.nuvemidc.com\/~gloriamu\/wp-json\/wp\/v2\/product_cat?post=1528"},{"taxonomy":"product_tag","embeddable":true,"href":"https:\/\/torres.nuvemidc.com\/~gloriamu\/wp-json\/wp\/v2\/product_tag?post=1528"}],"curies":[{"name":"wp","href":"https:\/\/api.w.org\/{rel}","templated":true}]}}