{"id":2070,"date":"2019-09-17T23:11:35","date_gmt":"2019-09-18T02:11:35","guid":{"rendered":"https:\/\/www.gloriamusic.com.br\/?post_type=product&#038;p=2070"},"modified":"2026-02-11T11:23:54","modified_gmt":"2026-02-11T14:23:54","slug":"luz-das-nacoes","status":"publish","type":"product","link":"https:\/\/torres.nuvemidc.com\/~gloriamu\/produto\/luz-das-nacoes\/","title":{"rendered":"Luz das Na\u00e7\u00f5es &#8211; Grupo Vocalis"},"content":{"rendered":"<p style=\"text-align: left\">&#8220;Luz das Na\u00e7\u00f5es \u00e9 uma cole\u00e7\u00e3o perfeita para corais de qualquer tamanho e estilo usarem na comemora\u00e7\u00e3o do nascimento de Jesus.<br \/>\nCom as m\u00fasicas sequenciadas na ordem da hist\u00f3ria do Natal, a narra\u00e7\u00e3o pode ser facilmente criada ou ainda, usar a leitura das escrituras para produzir uma bel\u00edssima cantata.<br \/>\nDura\u00e7\u00e3o de 45 minutos; possui solos e dueto.<br \/>\nGloria Music &#8211; Cantatas e Musicais.<\/p>\n<h4>Informa\u00e7\u00f5es Gerais:<\/h4>\n<p>Dificuldade: Moderada<br \/>\nVozes: SCTB<br \/>\nTemporada: Natal<br \/>\nClassifica\u00e7\u00e3o: Jovem \/ Adulto<br \/>\nEstilo: Variado<\/p>\n<p>Arranjado por Bradley Knight<br \/>\nTradu\u00e7\u00e3o: Andr\u00e9 Salles, Bet\u00e2nia Amaral, Charlis Ferre, Daniel Macri, Fabiano Santos, Marcos Furtado.<\/p>\n","protected":false},"excerpt":{"rendered":"<p>Gloria Music &#8211; Cantatas de Natal, P\u00e1scoa, Colet\u00e2neas.<br \/>\nMaterial para Coro e\/ou Grupo Vocal em formato Download: Partitura, Demonstra\u00e7\u00e3o, Playbacks e Kits de Voz.<\/p>\n","protected":false},"featured_media":8072,"comment_status":"closed","ping_status":"closed","template":"","meta":[],"product_cat":[69,98],"product_tag":[153,127,141,149,140,142,150],"yoast_head":"<!-- This site is optimized with the Yoast SEO plugin v23.5 - https:\/\/yoast.com\/wordpress\/plugins\/seo\/ -->\n<title>Luz das Na\u00e7\u00f5es - Grupo Vocalis - Gloria Music<\/title>\n<meta name=\"robots\" content=\"index, follow, max-snippet:-1, max-image-preview:large, max-video-preview:-1\" \/>\n<link rel=\"canonical\" href=\"https:\/\/www.gloriamusic.com.br\/produto\/luz-das-nacoes\/\" \/>\n<meta property=\"og:locale\" content=\"pt_BR\" \/>\n<meta property=\"og:type\" content=\"article\" \/>\n<meta property=\"og:title\" content=\"Luz das Na\u00e7\u00f5es - Grupo Vocalis - Gloria Music\" \/>\n<meta property=\"og:description\" content=\"Gloria Music - Cantatas de Natal, P\u00e1scoa, Colet\u00e2neas. Material para Coro e\/ou Grupo Vocal em formato Download: Partitura, Demonstra\u00e7\u00e3o, Playbacks e Kits de Voz.\" \/>\n<meta property=\"og:url\" content=\"https:\/\/www.gloriamusic.com.br\/produto\/luz-das-nacoes\/\" \/>\n<meta property=\"og:site_name\" content=\"Gloria Music\" \/>\n<meta property=\"article:publisher\" content=\"https:\/\/www.facebook.com\/gloriamusicproducoes\/\" \/>\n<meta property=\"article:modified_time\" content=\"2026-02-11T14:23:54+00:00\" \/>\n<meta property=\"og:image\" content=\"https:\/\/www.gloriamusic.com.br\/wp-content\/uploads\/gloriamusic\/2020\/09\/capasite.jpg\" \/>\n\t<meta property=\"og:image:width\" content=\"960\" \/>\n\t<meta property=\"og:image:height\" content=\"960\" \/>\n\t<meta property=\"og:image:type\" content=\"image\/jpeg\" \/>\n<meta name=\"twitter:card\" content=\"summary_large_image\" \/>\n<meta name=\"twitter:label1\" content=\"Est. tempo de leitura\" \/>\n\t<meta name=\"twitter:data1\" content=\"1 minuto\" \/>\n<script type=\"application\/ld+json\" class=\"yoast-schema-graph\">{\"@context\":\"https:\/\/schema.org\",\"@graph\":[{\"@type\":\"WebPage\",\"@id\":\"https:\/\/www.gloriamusic.com.br\/produto\/luz-das-nacoes\/\",\"url\":\"https:\/\/www.gloriamusic.com.br\/produto\/luz-das-nacoes\/\",\"name\":\"Luz das Na\u00e7\u00f5es - Grupo Vocalis - Gloria Music\",\"isPartOf\":{\"@id\":\"https:\/\/www.gloriamusic.com.br\/#website\"},\"primaryImageOfPage\":{\"@id\":\"https:\/\/www.gloriamusic.com.br\/produto\/luz-das-nacoes\/#primaryimage\"},\"image\":{\"@id\":\"https:\/\/www.gloriamusic.com.br\/produto\/luz-das-nacoes\/#primaryimage\"},\"thumbnailUrl\":\"https:\/\/torres.nuvemidc.com\/~gloriamu\/wp-content\/uploads\/gloriamusic\/2020\/09\/capasite.jpg\",\"datePublished\":\"2019-09-18T02:11:35+00:00\",\"dateModified\":\"2026-02-11T14:23:54+00:00\",\"breadcrumb\":{\"@id\":\"https:\/\/www.gloriamusic.com.br\/produto\/luz-das-nacoes\/#breadcrumb\"},\"inLanguage\":\"pt-BR\",\"potentialAction\":[{\"@type\":\"ReadAction\",\"target\":[\"https:\/\/www.gloriamusic.com.br\/produto\/luz-das-nacoes\/\"]}]},{\"@type\":\"ImageObject\",\"inLanguage\":\"pt-BR\",\"@id\":\"https:\/\/www.gloriamusic.com.br\/produto\/luz-das-nacoes\/#primaryimage\",\"url\":\"https:\/\/torres.nuvemidc.com\/~gloriamu\/wp-content\/uploads\/gloriamusic\/2020\/09\/capasite.jpg\",\"contentUrl\":\"https:\/\/torres.nuvemidc.com\/~gloriamu\/wp-content\/uploads\/gloriamusic\/2020\/09\/capasite.jpg\",\"width\":960,\"height\":960},{\"@type\":\"BreadcrumbList\",\"@id\":\"https:\/\/www.gloriamusic.com.br\/produto\/luz-das-nacoes\/#breadcrumb\",\"itemListElement\":[{\"@type\":\"ListItem\",\"position\":1,\"name\":\"In\u00edcio\",\"item\":\"https:\/\/www.gloriamusic.com.br\/\"},{\"@type\":\"ListItem\",\"position\":2,\"name\":\"Loja\",\"item\":\"https:\/\/www.gloriamusic.com.br\/shop\/\"},{\"@type\":\"ListItem\",\"position\":3,\"name\":\"Luz das Na\u00e7\u00f5es &#8211; Grupo Vocalis\"}]},{\"@type\":\"WebSite\",\"@id\":\"https:\/\/www.gloriamusic.com.br\/#website\",\"url\":\"https:\/\/www.gloriamusic.com.br\/\",\"name\":\"Gloria Music\",\"description\":\"Cantatas e musicais, m\u00fasica sacra.\",\"publisher\":{\"@id\":\"https:\/\/www.gloriamusic.com.br\/#organization\"},\"potentialAction\":[{\"@type\":\"SearchAction\",\"target\":{\"@type\":\"EntryPoint\",\"urlTemplate\":\"https:\/\/www.gloriamusic.com.br\/?s={search_term_string}\"},\"query-input\":{\"@type\":\"PropertyValueSpecification\",\"valueRequired\":true,\"valueName\":\"search_term_string\"}}],\"inLanguage\":\"pt-BR\"},{\"@type\":\"Organization\",\"@id\":\"https:\/\/www.gloriamusic.com.br\/#organization\",\"name\":\"Gloria Music\",\"url\":\"https:\/\/www.gloriamusic.com.br\/\",\"logo\":{\"@type\":\"ImageObject\",\"inLanguage\":\"pt-BR\",\"@id\":\"https:\/\/www.gloriamusic.com.br\/#\/schema\/logo\/image\/\",\"url\":\"https:\/\/www.gloriamusic.com.br\/wp-content\/uploads\/2018\/12\/logo-color.png\",\"contentUrl\":\"https:\/\/www.gloriamusic.com.br\/wp-content\/uploads\/2018\/12\/logo-color.png\",\"width\":184,\"height\":100,\"caption\":\"Gloria Music\"},\"image\":{\"@id\":\"https:\/\/www.gloriamusic.com.br\/#\/schema\/logo\/image\/\"},\"sameAs\":[\"https:\/\/www.facebook.com\/gloriamusicproducoes\/\"]}]}<\/script>\n<!-- \/ Yoast SEO plugin. -->","yoast_head_json":{"title":"Luz das Na\u00e7\u00f5es - Grupo Vocalis - Gloria Music","robots":{"index":"index","follow":"follow","max-snippet":"max-snippet:-1","max-image-preview":"max-image-preview:large","max-video-preview":"max-video-preview:-1"},"canonical":"https:\/\/www.gloriamusic.com.br\/produto\/luz-das-nacoes\/","og_locale":"pt_BR","og_type":"article","og_title":"Luz das Na\u00e7\u00f5es - Grupo Vocalis - Gloria Music","og_description":"Gloria Music - Cantatas de Natal, P\u00e1scoa, Colet\u00e2neas. Material para Coro e\/ou Grupo Vocal em formato Download: Partitura, Demonstra\u00e7\u00e3o, Playbacks e Kits de Voz.","og_url":"https:\/\/www.gloriamusic.com.br\/produto\/luz-das-nacoes\/","og_site_name":"Gloria Music","article_publisher":"https:\/\/www.facebook.com\/gloriamusicproducoes\/","article_modified_time":"2026-02-11T14:23:54+00:00","og_image":[{"width":960,"height":960,"url":"https:\/\/www.gloriamusic.com.br\/wp-content\/uploads\/gloriamusic\/2020\/09\/capasite.jpg","type":"image\/jpeg"}],"twitter_card":"summary_large_image","twitter_misc":{"Est. tempo de leitura":"1 minuto"},"schema":{"@context":"https:\/\/schema.org","@graph":[{"@type":"WebPage","@id":"https:\/\/www.gloriamusic.com.br\/produto\/luz-das-nacoes\/","url":"https:\/\/www.gloriamusic.com.br\/produto\/luz-das-nacoes\/","name":"Luz das Na\u00e7\u00f5es - Grupo Vocalis - Gloria Music","isPartOf":{"@id":"https:\/\/www.gloriamusic.com.br\/#website"},"primaryImageOfPage":{"@id":"https:\/\/www.gloriamusic.com.br\/produto\/luz-das-nacoes\/#primaryimage"},"image":{"@id":"https:\/\/www.gloriamusic.com.br\/produto\/luz-das-nacoes\/#primaryimage"},"thumbnailUrl":"https:\/\/torres.nuvemidc.com\/~gloriamu\/wp-content\/uploads\/gloriamusic\/2020\/09\/capasite.jpg","datePublished":"2019-09-18T02:11:35+00:00","dateModified":"2026-02-11T14:23:54+00:00","breadcrumb":{"@id":"https:\/\/www.gloriamusic.com.br\/produto\/luz-das-nacoes\/#breadcrumb"},"inLanguage":"pt-BR","potentialAction":[{"@type":"ReadAction","target":["https:\/\/www.gloriamusic.com.br\/produto\/luz-das-nacoes\/"]}]},{"@type":"ImageObject","inLanguage":"pt-BR","@id":"https:\/\/www.gloriamusic.com.br\/produto\/luz-das-nacoes\/#primaryimage","url":"https:\/\/torres.nuvemidc.com\/~gloriamu\/wp-content\/uploads\/gloriamusic\/2020\/09\/capasite.jpg","contentUrl":"https:\/\/torres.nuvemidc.com\/~gloriamu\/wp-content\/uploads\/gloriamusic\/2020\/09\/capasite.jpg","width":960,"height":960},{"@type":"BreadcrumbList","@id":"https:\/\/www.gloriamusic.com.br\/produto\/luz-das-nacoes\/#breadcrumb","itemListElement":[{"@type":"ListItem","position":1,"name":"In\u00edcio","item":"https:\/\/www.gloriamusic.com.br\/"},{"@type":"ListItem","position":2,"name":"Loja","item":"https:\/\/www.gloriamusic.com.br\/shop\/"},{"@type":"ListItem","position":3,"name":"Luz das Na\u00e7\u00f5es &#8211; Grupo Vocalis"}]},{"@type":"WebSite","@id":"https:\/\/www.gloriamusic.com.br\/#website","url":"https:\/\/www.gloriamusic.com.br\/","name":"Gloria Music","description":"Cantatas e musicais, m\u00fasica sacra.","publisher":{"@id":"https:\/\/www.gloriamusic.com.br\/#organization"},"potentialAction":[{"@type":"SearchAction","target":{"@type":"EntryPoint","urlTemplate":"https:\/\/www.gloriamusic.com.br\/?s={search_term_string}"},"query-input":{"@type":"PropertyValueSpecification","valueRequired":true,"valueName":"search_term_string"}}],"inLanguage":"pt-BR"},{"@type":"Organization","@id":"https:\/\/www.gloriamusic.com.br\/#organization","name":"Gloria Music","url":"https:\/\/www.gloriamusic.com.br\/","logo":{"@type":"ImageObject","inLanguage":"pt-BR","@id":"https:\/\/www.gloriamusic.com.br\/#\/schema\/logo\/image\/","url":"https:\/\/www.gloriamusic.com.br\/wp-content\/uploads\/2018\/12\/logo-color.png","contentUrl":"https:\/\/www.gloriamusic.com.br\/wp-content\/uploads\/2018\/12\/logo-color.png","width":184,"height":100,"caption":"Gloria Music"},"image":{"@id":"https:\/\/www.gloriamusic.com.br\/#\/schema\/logo\/image\/"},"sameAs":["https:\/\/www.facebook.com\/gloriamusicproducoes\/"]}]}},"_links":{"self":[{"href":"https:\/\/torres.nuvemidc.com\/~gloriamu\/wp-json\/wp\/v2\/product\/2070"}],"collection":[{"href":"https:\/\/torres.nuvemidc.com\/~gloriamu\/wp-json\/wp\/v2\/product"}],"about":[{"href":"https:\/\/torres.nuvemidc.com\/~gloriamu\/wp-json\/wp\/v2\/types\/product"}],"replies":[{"embeddable":true,"href":"https:\/\/torres.nuvemidc.com\/~gloriamu\/wp-json\/wp\/v2\/comments?post=2070"}],"wp:featuredmedia":[{"embeddable":true,"href":"https:\/\/torres.nuvemidc.com\/~gloriamu\/wp-json\/wp\/v2\/media\/8072"}],"wp:attachment":[{"href":"https:\/\/torres.nuvemidc.com\/~gloriamu\/wp-json\/wp\/v2\/media?parent=2070"}],"wp:term":[{"taxonomy":"product_cat","embeddable":true,"href":"https:\/\/torres.nuvemidc.com\/~gloriamu\/wp-json\/wp\/v2\/product_cat?post=2070"},{"taxonomy":"product_tag","embeddable":true,"href":"https:\/\/torres.nuvemidc.com\/~gloriamu\/wp-json\/wp\/v2\/product_tag?post=2070"}],"curies":[{"name":"wp","href":"https:\/\/api.w.org\/{rel}","templated":true}]}}