{"id":21202,"date":"2023-09-26T14:49:01","date_gmt":"2023-09-26T17:49:01","guid":{"rendered":"https:\/\/www.gloriamusic.com.br\/?post_type=product&#038;p=21202"},"modified":"2025-12-22T22:00:46","modified_gmt":"2025-12-23T01:00:46","slug":"uma-nova-cancao","status":"publish","type":"product","link":"https:\/\/torres.nuvemidc.com\/~gloriamu\/produto\/uma-nova-cancao\/","title":{"rendered":"Uma Nova Can\u00e7\u00e3o"},"content":{"rendered":"<p>Apresentamos a voc\u00ea este musical empolgante e f\u00e1cil de cantar que ir\u00e1 proporcionar uma experi\u00eancia de adora\u00e7\u00e3o e alegria para a igreja local, falando sobre o nascimento do Rei Jesus, motivando a congrega\u00e7\u00e3o a louvar e bendizer o Nome acima de todo nome.<\/p>\n<p>Criado e produzido por Cristiano Martins, este musical autoral foi pensado para trazer ao seu coral um som alegre e envolvente, mostrando que cantar em grupo \u00e9 uma ben\u00e7\u00e3o e que todos podem participar. Se seu cora\u00e7\u00e3o deseja adorar ao Senhor neste Natal &#8220;Uma Nova Can\u00e7\u00e3o&#8221; \u00e9 sem d\u00favida uma excelente escolha para voc\u00ea.<\/p>\n<p><em><strong>Cristiano Martins \u00e9 compositor, produtor Musical, Arranjador e L\u00edder de Adora\u00e7\u00e3o. Formando em Composi\u00e7\u00e3o pela UFES, tem dedicado sua vida ao minist\u00e9rio de m\u00fasica na Igreja. Deus tem colocado no cora\u00e7\u00e3o dele compor can\u00e7\u00f5es de adora\u00e7\u00e3o para Igreja Brasileira.<\/strong><\/em><\/p>\n<p><span style=\"font-size: 20px;font-weight: bold\">Informa\u00e7\u00f5es Gerais:<\/span><\/p>\n<p>Grau de dificuldade: F\u00e1cil<br \/>\nVozes: SCTB<br \/>\nEstilo Musical: Pop\/Coro de Adora\u00e7\u00e3o<br \/>\nOcasi\u00e3o: Natal<br \/>\nCriado e Produzido por Cristiano Martins<br \/>\nArranjos e Orquestra\u00e7\u00e3o: Cristiano Martins<\/p>\n","protected":false},"excerpt":{"rendered":"<p>Apresentamos a voc\u00ea este musical empolgante e f\u00e1cil de cantar, que ir\u00e1 proporcionar uma experi\u00eancia de adora\u00e7\u00e3o e alegria para a igreja local, falando sobre o nascimento do Rei Jesus, motivando a congrega\u00e7\u00e3o a louvar e bendizer o Nome acima de todo nome.<\/p>\n<p>Criado e produzido por Cristiano Martins, este musical autoral foi pensado para trazer ao seu coral um som alegre e envolvente, mostrando que cantar em grupo \u00e9 uma ben\u00e7\u00e3o e que todos podem participar. Se seu cora\u00e7\u00e3o deseja adorar ao Senhor neste Natal &#8220;Uma Nova Can\u00e7\u00e3o&#8221; \u00e9 sem d\u00favida uma excelente escolha para voc\u00ea.<\/p>\n","protected":false},"featured_media":21233,"comment_status":"closed","ping_status":"closed","template":"","meta":[],"product_cat":[69,98],"product_tag":[127,141,140,142],"yoast_head":"<!-- This site is optimized with the Yoast SEO plugin v23.5 - https:\/\/yoast.com\/wordpress\/plugins\/seo\/ -->\n<title>Uma Nova Can\u00e7\u00e3o - Gloria Music<\/title>\n<meta name=\"robots\" content=\"index, follow, max-snippet:-1, max-image-preview:large, max-video-preview:-1\" \/>\n<link rel=\"canonical\" href=\"https:\/\/www.gloriamusic.com.br\/produto\/uma-nova-cancao\/\" \/>\n<meta property=\"og:locale\" content=\"pt_BR\" \/>\n<meta property=\"og:type\" content=\"article\" \/>\n<meta property=\"og:title\" content=\"Uma Nova Can\u00e7\u00e3o - Gloria Music\" \/>\n<meta property=\"og:description\" content=\"Apresentamos a voc\u00ea este musical empolgante e f\u00e1cil de cantar, que ir\u00e1 proporcionar uma experi\u00eancia de adora\u00e7\u00e3o e alegria para a igreja local, falando sobre o nascimento do Rei Jesus, motivando a congrega\u00e7\u00e3o a louvar e bendizer o Nome acima de todo nome.  Criado e produzido por Cristiano Martins, este musical autoral foi pensado para trazer ao seu coral um som alegre e envolvente, mostrando que cantar em grupo \u00e9 uma ben\u00e7\u00e3o e que todos podem participar. Se seu cora\u00e7\u00e3o deseja adorar ao Senhor neste Natal &quot;Uma Nova Can\u00e7\u00e3o&quot; \u00e9 sem d\u00favida uma excelente escolha para voc\u00ea.\" \/>\n<meta property=\"og:url\" content=\"https:\/\/www.gloriamusic.com.br\/produto\/uma-nova-cancao\/\" \/>\n<meta property=\"og:site_name\" content=\"Gloria Music\" \/>\n<meta property=\"article:publisher\" content=\"https:\/\/www.facebook.com\/gloriamusicproducoes\/\" \/>\n<meta property=\"article:modified_time\" content=\"2025-12-23T01:00:46+00:00\" \/>\n<meta property=\"og:image\" content=\"https:\/\/www.gloriamusic.com.br\/wp-content\/uploads\/gloriamusic\/2023\/08\/capa-cd.png\" \/>\n\t<meta property=\"og:image:width\" content=\"1080\" \/>\n\t<meta property=\"og:image:height\" content=\"1080\" \/>\n\t<meta property=\"og:image:type\" content=\"image\/png\" \/>\n<meta name=\"twitter:card\" content=\"summary_large_image\" \/>\n<meta name=\"twitter:label1\" content=\"Est. tempo de leitura\" \/>\n\t<meta name=\"twitter:data1\" content=\"2 minutos\" \/>\n<script type=\"application\/ld+json\" class=\"yoast-schema-graph\">{\"@context\":\"https:\/\/schema.org\",\"@graph\":[{\"@type\":\"WebPage\",\"@id\":\"https:\/\/www.gloriamusic.com.br\/produto\/uma-nova-cancao\/\",\"url\":\"https:\/\/www.gloriamusic.com.br\/produto\/uma-nova-cancao\/\",\"name\":\"Uma Nova Can\u00e7\u00e3o - Gloria Music\",\"isPartOf\":{\"@id\":\"https:\/\/www.gloriamusic.com.br\/#website\"},\"primaryImageOfPage\":{\"@id\":\"https:\/\/www.gloriamusic.com.br\/produto\/uma-nova-cancao\/#primaryimage\"},\"image\":{\"@id\":\"https:\/\/www.gloriamusic.com.br\/produto\/uma-nova-cancao\/#primaryimage\"},\"thumbnailUrl\":\"https:\/\/torres.nuvemidc.com\/~gloriamu\/wp-content\/uploads\/gloriamusic\/2023\/09\/whatsapp-image-2023-09-26-at-185927-1.jpeg\",\"datePublished\":\"2023-09-26T17:49:01+00:00\",\"dateModified\":\"2025-12-23T01:00:46+00:00\",\"breadcrumb\":{\"@id\":\"https:\/\/www.gloriamusic.com.br\/produto\/uma-nova-cancao\/#breadcrumb\"},\"inLanguage\":\"pt-BR\",\"potentialAction\":[{\"@type\":\"ReadAction\",\"target\":[\"https:\/\/www.gloriamusic.com.br\/produto\/uma-nova-cancao\/\"]}]},{\"@type\":\"ImageObject\",\"inLanguage\":\"pt-BR\",\"@id\":\"https:\/\/www.gloriamusic.com.br\/produto\/uma-nova-cancao\/#primaryimage\",\"url\":\"https:\/\/torres.nuvemidc.com\/~gloriamu\/wp-content\/uploads\/gloriamusic\/2023\/09\/whatsapp-image-2023-09-26-at-185927-1.jpeg\",\"contentUrl\":\"https:\/\/torres.nuvemidc.com\/~gloriamu\/wp-content\/uploads\/gloriamusic\/2023\/09\/whatsapp-image-2023-09-26-at-185927-1.jpeg\",\"width\":1024,\"height\":1024},{\"@type\":\"BreadcrumbList\",\"@id\":\"https:\/\/www.gloriamusic.com.br\/produto\/uma-nova-cancao\/#breadcrumb\",\"itemListElement\":[{\"@type\":\"ListItem\",\"position\":1,\"name\":\"In\u00edcio\",\"item\":\"https:\/\/www.gloriamusic.com.br\/\"},{\"@type\":\"ListItem\",\"position\":2,\"name\":\"Loja\",\"item\":\"https:\/\/www.gloriamusic.com.br\/shop\/\"},{\"@type\":\"ListItem\",\"position\":3,\"name\":\"Uma Nova Can\u00e7\u00e3o\"}]},{\"@type\":\"WebSite\",\"@id\":\"https:\/\/www.gloriamusic.com.br\/#website\",\"url\":\"https:\/\/www.gloriamusic.com.br\/\",\"name\":\"Gloria Music\",\"description\":\"Cantatas e musicais, m\u00fasica sacra.\",\"publisher\":{\"@id\":\"https:\/\/www.gloriamusic.com.br\/#organization\"},\"potentialAction\":[{\"@type\":\"SearchAction\",\"target\":{\"@type\":\"EntryPoint\",\"urlTemplate\":\"https:\/\/www.gloriamusic.com.br\/?s={search_term_string}\"},\"query-input\":{\"@type\":\"PropertyValueSpecification\",\"valueRequired\":true,\"valueName\":\"search_term_string\"}}],\"inLanguage\":\"pt-BR\"},{\"@type\":\"Organization\",\"@id\":\"https:\/\/www.gloriamusic.com.br\/#organization\",\"name\":\"Gloria Music\",\"url\":\"https:\/\/www.gloriamusic.com.br\/\",\"logo\":{\"@type\":\"ImageObject\",\"inLanguage\":\"pt-BR\",\"@id\":\"https:\/\/www.gloriamusic.com.br\/#\/schema\/logo\/image\/\",\"url\":\"https:\/\/www.gloriamusic.com.br\/wp-content\/uploads\/2018\/12\/logo-color.png\",\"contentUrl\":\"https:\/\/www.gloriamusic.com.br\/wp-content\/uploads\/2018\/12\/logo-color.png\",\"width\":184,\"height\":100,\"caption\":\"Gloria Music\"},\"image\":{\"@id\":\"https:\/\/www.gloriamusic.com.br\/#\/schema\/logo\/image\/\"},\"sameAs\":[\"https:\/\/www.facebook.com\/gloriamusicproducoes\/\"]}]}<\/script>\n<!-- \/ Yoast SEO plugin. -->","yoast_head_json":{"title":"Uma Nova Can\u00e7\u00e3o - Gloria Music","robots":{"index":"index","follow":"follow","max-snippet":"max-snippet:-1","max-image-preview":"max-image-preview:large","max-video-preview":"max-video-preview:-1"},"canonical":"https:\/\/www.gloriamusic.com.br\/produto\/uma-nova-cancao\/","og_locale":"pt_BR","og_type":"article","og_title":"Uma Nova Can\u00e7\u00e3o - Gloria Music","og_description":"Apresentamos a voc\u00ea este musical empolgante e f\u00e1cil de cantar, que ir\u00e1 proporcionar uma experi\u00eancia de adora\u00e7\u00e3o e alegria para a igreja local, falando sobre o nascimento do Rei Jesus, motivando a congrega\u00e7\u00e3o a louvar e bendizer o Nome acima de todo nome.  Criado e produzido por Cristiano Martins, este musical autoral foi pensado para trazer ao seu coral um som alegre e envolvente, mostrando que cantar em grupo \u00e9 uma ben\u00e7\u00e3o e que todos podem participar. Se seu cora\u00e7\u00e3o deseja adorar ao Senhor neste Natal \"Uma Nova Can\u00e7\u00e3o\" \u00e9 sem d\u00favida uma excelente escolha para voc\u00ea.","og_url":"https:\/\/www.gloriamusic.com.br\/produto\/uma-nova-cancao\/","og_site_name":"Gloria Music","article_publisher":"https:\/\/www.facebook.com\/gloriamusicproducoes\/","article_modified_time":"2025-12-23T01:00:46+00:00","og_image":[{"width":1080,"height":1080,"url":"https:\/\/www.gloriamusic.com.br\/wp-content\/uploads\/gloriamusic\/2023\/08\/capa-cd.png","type":"image\/png"}],"twitter_card":"summary_large_image","twitter_misc":{"Est. tempo de leitura":"2 minutos"},"schema":{"@context":"https:\/\/schema.org","@graph":[{"@type":"WebPage","@id":"https:\/\/www.gloriamusic.com.br\/produto\/uma-nova-cancao\/","url":"https:\/\/www.gloriamusic.com.br\/produto\/uma-nova-cancao\/","name":"Uma Nova Can\u00e7\u00e3o - Gloria Music","isPartOf":{"@id":"https:\/\/www.gloriamusic.com.br\/#website"},"primaryImageOfPage":{"@id":"https:\/\/www.gloriamusic.com.br\/produto\/uma-nova-cancao\/#primaryimage"},"image":{"@id":"https:\/\/www.gloriamusic.com.br\/produto\/uma-nova-cancao\/#primaryimage"},"thumbnailUrl":"https:\/\/torres.nuvemidc.com\/~gloriamu\/wp-content\/uploads\/gloriamusic\/2023\/09\/whatsapp-image-2023-09-26-at-185927-1.jpeg","datePublished":"2023-09-26T17:49:01+00:00","dateModified":"2025-12-23T01:00:46+00:00","breadcrumb":{"@id":"https:\/\/www.gloriamusic.com.br\/produto\/uma-nova-cancao\/#breadcrumb"},"inLanguage":"pt-BR","potentialAction":[{"@type":"ReadAction","target":["https:\/\/www.gloriamusic.com.br\/produto\/uma-nova-cancao\/"]}]},{"@type":"ImageObject","inLanguage":"pt-BR","@id":"https:\/\/www.gloriamusic.com.br\/produto\/uma-nova-cancao\/#primaryimage","url":"https:\/\/torres.nuvemidc.com\/~gloriamu\/wp-content\/uploads\/gloriamusic\/2023\/09\/whatsapp-image-2023-09-26-at-185927-1.jpeg","contentUrl":"https:\/\/torres.nuvemidc.com\/~gloriamu\/wp-content\/uploads\/gloriamusic\/2023\/09\/whatsapp-image-2023-09-26-at-185927-1.jpeg","width":1024,"height":1024},{"@type":"BreadcrumbList","@id":"https:\/\/www.gloriamusic.com.br\/produto\/uma-nova-cancao\/#breadcrumb","itemListElement":[{"@type":"ListItem","position":1,"name":"In\u00edcio","item":"https:\/\/www.gloriamusic.com.br\/"},{"@type":"ListItem","position":2,"name":"Loja","item":"https:\/\/www.gloriamusic.com.br\/shop\/"},{"@type":"ListItem","position":3,"name":"Uma Nova Can\u00e7\u00e3o"}]},{"@type":"WebSite","@id":"https:\/\/www.gloriamusic.com.br\/#website","url":"https:\/\/www.gloriamusic.com.br\/","name":"Gloria Music","description":"Cantatas e musicais, m\u00fasica sacra.","publisher":{"@id":"https:\/\/www.gloriamusic.com.br\/#organization"},"potentialAction":[{"@type":"SearchAction","target":{"@type":"EntryPoint","urlTemplate":"https:\/\/www.gloriamusic.com.br\/?s={search_term_string}"},"query-input":{"@type":"PropertyValueSpecification","valueRequired":true,"valueName":"search_term_string"}}],"inLanguage":"pt-BR"},{"@type":"Organization","@id":"https:\/\/www.gloriamusic.com.br\/#organization","name":"Gloria Music","url":"https:\/\/www.gloriamusic.com.br\/","logo":{"@type":"ImageObject","inLanguage":"pt-BR","@id":"https:\/\/www.gloriamusic.com.br\/#\/schema\/logo\/image\/","url":"https:\/\/www.gloriamusic.com.br\/wp-content\/uploads\/2018\/12\/logo-color.png","contentUrl":"https:\/\/www.gloriamusic.com.br\/wp-content\/uploads\/2018\/12\/logo-color.png","width":184,"height":100,"caption":"Gloria Music"},"image":{"@id":"https:\/\/www.gloriamusic.com.br\/#\/schema\/logo\/image\/"},"sameAs":["https:\/\/www.facebook.com\/gloriamusicproducoes\/"]}]}},"_links":{"self":[{"href":"https:\/\/torres.nuvemidc.com\/~gloriamu\/wp-json\/wp\/v2\/product\/21202"}],"collection":[{"href":"https:\/\/torres.nuvemidc.com\/~gloriamu\/wp-json\/wp\/v2\/product"}],"about":[{"href":"https:\/\/torres.nuvemidc.com\/~gloriamu\/wp-json\/wp\/v2\/types\/product"}],"replies":[{"embeddable":true,"href":"https:\/\/torres.nuvemidc.com\/~gloriamu\/wp-json\/wp\/v2\/comments?post=21202"}],"wp:featuredmedia":[{"embeddable":true,"href":"https:\/\/torres.nuvemidc.com\/~gloriamu\/wp-json\/wp\/v2\/media\/21233"}],"wp:attachment":[{"href":"https:\/\/torres.nuvemidc.com\/~gloriamu\/wp-json\/wp\/v2\/media?parent=21202"}],"wp:term":[{"taxonomy":"product_cat","embeddable":true,"href":"https:\/\/torres.nuvemidc.com\/~gloriamu\/wp-json\/wp\/v2\/product_cat?post=21202"},{"taxonomy":"product_tag","embeddable":true,"href":"https:\/\/torres.nuvemidc.com\/~gloriamu\/wp-json\/wp\/v2\/product_tag?post=21202"}],"curies":[{"name":"wp","href":"https:\/\/api.w.org\/{rel}","templated":true}]}}