{"id":3839,"date":"2020-01-16T20:55:26","date_gmt":"2020-01-16T23:55:26","guid":{"rendered":"https:\/\/www.gloriamusic.com.br\/?post_type=product&#038;p=3839"},"modified":"2026-01-13T11:46:29","modified_gmt":"2026-01-13T14:46:29","slug":"so-em-jesus","status":"publish","type":"product","link":"https:\/\/torres.nuvemidc.com\/~gloriamu\/produto\/so-em-jesus\/","title":{"rendered":"S\u00f3 Em Jesus"},"content":{"rendered":"<p>Esta m\u00fasica faz parte da cantata de p\u00e1scoa Ao Olhar a Cruz.<br \/>\nGravada pelo Grupo Vocalis.<br \/>\nGloria Music &#8211; Cantatas e Musicais.<\/p>\n<p><span style=\"font-size: 20px;font-weight: bold\">Informa\u00e7\u00f5es Gerais<\/span><\/p>\n<p>Dificuldade: Moderada<br \/>\nVozes: SSCTB<br \/>\nOcasi\u00e3o: P\u00e1scoa \/ Evangel\u00edstica<br \/>\nClassifica\u00e7\u00e3o: Jovem \/ Adulto<br \/>\nEstilo: Tradicional<\/p>\n<p>&nbsp;<\/p>\n","protected":false},"excerpt":{"rendered":"<p>Grupo Vocalis<\/p>\n","protected":false},"featured_media":3828,"comment_status":"closed","ping_status":"closed","template":"","meta":[],"product_cat":[105,107,68],"product_tag":[167,141,140,166,93,133,154,155,164],"yoast_head":"<!-- This site is optimized with the Yoast SEO plugin v23.5 - https:\/\/yoast.com\/wordpress\/plugins\/seo\/ -->\n<title>S\u00f3 Em Jesus - Gloria Music<\/title>\n<meta name=\"robots\" content=\"index, follow, max-snippet:-1, max-image-preview:large, max-video-preview:-1\" \/>\n<link rel=\"canonical\" href=\"https:\/\/www.gloriamusic.com.br\/produto\/so-em-jesus\/\" \/>\n<meta property=\"og:locale\" content=\"pt_BR\" \/>\n<meta property=\"og:type\" content=\"article\" \/>\n<meta property=\"og:title\" content=\"S\u00f3 Em Jesus - Gloria Music\" \/>\n<meta property=\"og:description\" content=\"Grupo Vocalis\" \/>\n<meta property=\"og:url\" content=\"https:\/\/www.gloriamusic.com.br\/produto\/so-em-jesus\/\" \/>\n<meta property=\"og:site_name\" content=\"Gloria Music\" \/>\n<meta property=\"article:publisher\" content=\"https:\/\/www.facebook.com\/gloriamusicproducoes\/\" \/>\n<meta property=\"article:modified_time\" content=\"2026-01-13T14:46:29+00:00\" \/>\n<meta property=\"og:image\" content=\"https:\/\/www.gloriamusic.com.br\/wp-content\/uploads\/2020\/01\/capa-7.jpg\" \/>\n\t<meta property=\"og:image:width\" content=\"750\" \/>\n\t<meta property=\"og:image:height\" content=\"752\" \/>\n\t<meta property=\"og:image:type\" content=\"image\/jpeg\" \/>\n<meta name=\"twitter:card\" content=\"summary_large_image\" \/>\n<meta name=\"twitter:label1\" content=\"Est. tempo de leitura\" \/>\n\t<meta name=\"twitter:data1\" content=\"1 minuto\" \/>\n<script type=\"application\/ld+json\" class=\"yoast-schema-graph\">{\"@context\":\"https:\/\/schema.org\",\"@graph\":[{\"@type\":\"WebPage\",\"@id\":\"https:\/\/www.gloriamusic.com.br\/produto\/so-em-jesus\/\",\"url\":\"https:\/\/www.gloriamusic.com.br\/produto\/so-em-jesus\/\",\"name\":\"S\u00f3 Em Jesus - Gloria Music\",\"isPartOf\":{\"@id\":\"https:\/\/www.gloriamusic.com.br\/#website\"},\"primaryImageOfPage\":{\"@id\":\"https:\/\/www.gloriamusic.com.br\/produto\/so-em-jesus\/#primaryimage\"},\"image\":{\"@id\":\"https:\/\/www.gloriamusic.com.br\/produto\/so-em-jesus\/#primaryimage\"},\"thumbnailUrl\":\"https:\/\/torres.nuvemidc.com\/~gloriamu\/wp-content\/uploads\/2020\/01\/capa-7.jpg\",\"datePublished\":\"2020-01-16T23:55:26+00:00\",\"dateModified\":\"2026-01-13T14:46:29+00:00\",\"breadcrumb\":{\"@id\":\"https:\/\/www.gloriamusic.com.br\/produto\/so-em-jesus\/#breadcrumb\"},\"inLanguage\":\"pt-BR\",\"potentialAction\":[{\"@type\":\"ReadAction\",\"target\":[\"https:\/\/www.gloriamusic.com.br\/produto\/so-em-jesus\/\"]}]},{\"@type\":\"ImageObject\",\"inLanguage\":\"pt-BR\",\"@id\":\"https:\/\/www.gloriamusic.com.br\/produto\/so-em-jesus\/#primaryimage\",\"url\":\"https:\/\/torres.nuvemidc.com\/~gloriamu\/wp-content\/uploads\/2020\/01\/capa-7.jpg\",\"contentUrl\":\"https:\/\/torres.nuvemidc.com\/~gloriamu\/wp-content\/uploads\/2020\/01\/capa-7.jpg\",\"width\":750,\"height\":752},{\"@type\":\"BreadcrumbList\",\"@id\":\"https:\/\/www.gloriamusic.com.br\/produto\/so-em-jesus\/#breadcrumb\",\"itemListElement\":[{\"@type\":\"ListItem\",\"position\":1,\"name\":\"In\u00edcio\",\"item\":\"https:\/\/www.gloriamusic.com.br\/\"},{\"@type\":\"ListItem\",\"position\":2,\"name\":\"Loja\",\"item\":\"https:\/\/www.gloriamusic.com.br\/shop\/\"},{\"@type\":\"ListItem\",\"position\":3,\"name\":\"S\u00f3 Em Jesus\"}]},{\"@type\":\"WebSite\",\"@id\":\"https:\/\/www.gloriamusic.com.br\/#website\",\"url\":\"https:\/\/www.gloriamusic.com.br\/\",\"name\":\"Gloria Music\",\"description\":\"Cantatas e musicais, m\u00fasica sacra.\",\"publisher\":{\"@id\":\"https:\/\/www.gloriamusic.com.br\/#organization\"},\"potentialAction\":[{\"@type\":\"SearchAction\",\"target\":{\"@type\":\"EntryPoint\",\"urlTemplate\":\"https:\/\/www.gloriamusic.com.br\/?s={search_term_string}\"},\"query-input\":{\"@type\":\"PropertyValueSpecification\",\"valueRequired\":true,\"valueName\":\"search_term_string\"}}],\"inLanguage\":\"pt-BR\"},{\"@type\":\"Organization\",\"@id\":\"https:\/\/www.gloriamusic.com.br\/#organization\",\"name\":\"Gloria Music\",\"url\":\"https:\/\/www.gloriamusic.com.br\/\",\"logo\":{\"@type\":\"ImageObject\",\"inLanguage\":\"pt-BR\",\"@id\":\"https:\/\/www.gloriamusic.com.br\/#\/schema\/logo\/image\/\",\"url\":\"https:\/\/www.gloriamusic.com.br\/wp-content\/uploads\/2018\/12\/logo-color.png\",\"contentUrl\":\"https:\/\/www.gloriamusic.com.br\/wp-content\/uploads\/2018\/12\/logo-color.png\",\"width\":184,\"height\":100,\"caption\":\"Gloria Music\"},\"image\":{\"@id\":\"https:\/\/www.gloriamusic.com.br\/#\/schema\/logo\/image\/\"},\"sameAs\":[\"https:\/\/www.facebook.com\/gloriamusicproducoes\/\"]}]}<\/script>\n<!-- \/ Yoast SEO plugin. -->","yoast_head_json":{"title":"S\u00f3 Em Jesus - Gloria Music","robots":{"index":"index","follow":"follow","max-snippet":"max-snippet:-1","max-image-preview":"max-image-preview:large","max-video-preview":"max-video-preview:-1"},"canonical":"https:\/\/www.gloriamusic.com.br\/produto\/so-em-jesus\/","og_locale":"pt_BR","og_type":"article","og_title":"S\u00f3 Em Jesus - Gloria Music","og_description":"Grupo Vocalis","og_url":"https:\/\/www.gloriamusic.com.br\/produto\/so-em-jesus\/","og_site_name":"Gloria Music","article_publisher":"https:\/\/www.facebook.com\/gloriamusicproducoes\/","article_modified_time":"2026-01-13T14:46:29+00:00","og_image":[{"width":750,"height":752,"url":"https:\/\/www.gloriamusic.com.br\/wp-content\/uploads\/2020\/01\/capa-7.jpg","type":"image\/jpeg"}],"twitter_card":"summary_large_image","twitter_misc":{"Est. tempo de leitura":"1 minuto"},"schema":{"@context":"https:\/\/schema.org","@graph":[{"@type":"WebPage","@id":"https:\/\/www.gloriamusic.com.br\/produto\/so-em-jesus\/","url":"https:\/\/www.gloriamusic.com.br\/produto\/so-em-jesus\/","name":"S\u00f3 Em Jesus - Gloria Music","isPartOf":{"@id":"https:\/\/www.gloriamusic.com.br\/#website"},"primaryImageOfPage":{"@id":"https:\/\/www.gloriamusic.com.br\/produto\/so-em-jesus\/#primaryimage"},"image":{"@id":"https:\/\/www.gloriamusic.com.br\/produto\/so-em-jesus\/#primaryimage"},"thumbnailUrl":"https:\/\/torres.nuvemidc.com\/~gloriamu\/wp-content\/uploads\/2020\/01\/capa-7.jpg","datePublished":"2020-01-16T23:55:26+00:00","dateModified":"2026-01-13T14:46:29+00:00","breadcrumb":{"@id":"https:\/\/www.gloriamusic.com.br\/produto\/so-em-jesus\/#breadcrumb"},"inLanguage":"pt-BR","potentialAction":[{"@type":"ReadAction","target":["https:\/\/www.gloriamusic.com.br\/produto\/so-em-jesus\/"]}]},{"@type":"ImageObject","inLanguage":"pt-BR","@id":"https:\/\/www.gloriamusic.com.br\/produto\/so-em-jesus\/#primaryimage","url":"https:\/\/torres.nuvemidc.com\/~gloriamu\/wp-content\/uploads\/2020\/01\/capa-7.jpg","contentUrl":"https:\/\/torres.nuvemidc.com\/~gloriamu\/wp-content\/uploads\/2020\/01\/capa-7.jpg","width":750,"height":752},{"@type":"BreadcrumbList","@id":"https:\/\/www.gloriamusic.com.br\/produto\/so-em-jesus\/#breadcrumb","itemListElement":[{"@type":"ListItem","position":1,"name":"In\u00edcio","item":"https:\/\/www.gloriamusic.com.br\/"},{"@type":"ListItem","position":2,"name":"Loja","item":"https:\/\/www.gloriamusic.com.br\/shop\/"},{"@type":"ListItem","position":3,"name":"S\u00f3 Em Jesus"}]},{"@type":"WebSite","@id":"https:\/\/www.gloriamusic.com.br\/#website","url":"https:\/\/www.gloriamusic.com.br\/","name":"Gloria Music","description":"Cantatas e musicais, m\u00fasica sacra.","publisher":{"@id":"https:\/\/www.gloriamusic.com.br\/#organization"},"potentialAction":[{"@type":"SearchAction","target":{"@type":"EntryPoint","urlTemplate":"https:\/\/www.gloriamusic.com.br\/?s={search_term_string}"},"query-input":{"@type":"PropertyValueSpecification","valueRequired":true,"valueName":"search_term_string"}}],"inLanguage":"pt-BR"},{"@type":"Organization","@id":"https:\/\/www.gloriamusic.com.br\/#organization","name":"Gloria Music","url":"https:\/\/www.gloriamusic.com.br\/","logo":{"@type":"ImageObject","inLanguage":"pt-BR","@id":"https:\/\/www.gloriamusic.com.br\/#\/schema\/logo\/image\/","url":"https:\/\/www.gloriamusic.com.br\/wp-content\/uploads\/2018\/12\/logo-color.png","contentUrl":"https:\/\/www.gloriamusic.com.br\/wp-content\/uploads\/2018\/12\/logo-color.png","width":184,"height":100,"caption":"Gloria Music"},"image":{"@id":"https:\/\/www.gloriamusic.com.br\/#\/schema\/logo\/image\/"},"sameAs":["https:\/\/www.facebook.com\/gloriamusicproducoes\/"]}]}},"_links":{"self":[{"href":"https:\/\/torres.nuvemidc.com\/~gloriamu\/wp-json\/wp\/v2\/product\/3839"}],"collection":[{"href":"https:\/\/torres.nuvemidc.com\/~gloriamu\/wp-json\/wp\/v2\/product"}],"about":[{"href":"https:\/\/torres.nuvemidc.com\/~gloriamu\/wp-json\/wp\/v2\/types\/product"}],"replies":[{"embeddable":true,"href":"https:\/\/torres.nuvemidc.com\/~gloriamu\/wp-json\/wp\/v2\/comments?post=3839"}],"wp:featuredmedia":[{"embeddable":true,"href":"https:\/\/torres.nuvemidc.com\/~gloriamu\/wp-json\/wp\/v2\/media\/3828"}],"wp:attachment":[{"href":"https:\/\/torres.nuvemidc.com\/~gloriamu\/wp-json\/wp\/v2\/media?parent=3839"}],"wp:term":[{"taxonomy":"product_cat","embeddable":true,"href":"https:\/\/torres.nuvemidc.com\/~gloriamu\/wp-json\/wp\/v2\/product_cat?post=3839"},{"taxonomy":"product_tag","embeddable":true,"href":"https:\/\/torres.nuvemidc.com\/~gloriamu\/wp-json\/wp\/v2\/product_tag?post=3839"}],"curies":[{"name":"wp","href":"https:\/\/api.w.org\/{rel}","templated":true}]}}