{"id":6002,"date":"2020-07-30T14:44:37","date_gmt":"2020-07-30T17:44:37","guid":{"rendered":"https:\/\/www.gloriamusic.com.br\/?post_type=product&#038;p=6002"},"modified":"2025-10-20T11:28:05","modified_gmt":"2025-10-20T14:28:05","slug":"fato-ou-fake","status":"publish","type":"product","link":"https:\/\/torres.nuvemidc.com\/~gloriamu\/produto\/fato-ou-fake\/","title":{"rendered":"Fato ou Fake? &#8211; Alian\u00e7a Kids"},"content":{"rendered":"<p>Este musical foi um dos mais complicados j\u00e1 escrito por Celeste Clydesdale. De fato foi!<br \/>\nAo escolh\u00ea-lo, eu sabia exatamente o que estava tentando ensinar \u00e0s nossas crian\u00e7as e que come\u00e7ava a se perder.<br \/>\nTr\u00eas realidades b\u00e1sicas do natal que s\u00e3o: a import\u00e2ncia de conhecer a Palavra de Deus, a import\u00e2ncia de aplicar a Palavra de Deus e o perd\u00e3o que Deus oferece a cada um de n\u00f3s, Seu Filho Jesus.<br \/>\n#1 A import\u00e2ncia do conhecimento da Palavra de Deus foi bem enfatizado porque, uma das letras diz \u201cVoc\u00ea n\u00e3o pode cumprir as promessas se n\u00e3o sabe o que elas s\u00e3o.\u201d<br \/>\n#2 N\u00e3o basta apenas conhecer a Palavra de Deus&#8230; temos que aplicar em nossas vidas. Dwight L. Moody disse: \u201cA B\u00edblia n\u00e3o foi dada para aumentar o conhecimento, mas para mudar as vidas.\u201d N\u00f3s vemos isso como v\u00e1rios dos lidam com problemas diferentes. Como aprendem de forma diferente, verdades b\u00edblicas da hist\u00f3ria do natal e aplicam em suas pr\u00f3prias vidas, vemos a mudan\u00e7a. Por exemplo, dolorosamente a t\u00edmida Mila aprende que nunca se deve temer quando voc\u00ea est\u00e1 fazendo o que o Senhor pediu pra fazer. Kayte, a depressiva l\u00edder de torcida aprende que louvando e adorando a Deus \u00e9 que se produz a real alegria do natal.<br \/>\n#3 A raz\u00e3o de Jesus vir \u00e0 terra foi restaurar a humanidade. Deus nos amou tanto que procurou redimir seus filhos e s\u00f3 poderia ser feito atrav\u00e9s de Jesus Cristo. Em outras palavras, n\u00f3s precis\u00e1vamos se perdoados. Theo, o \u201cskatista\u201d est\u00e1 precisando de perd\u00e3o depois que ele descobriu que foi desonesto. As crian\u00e7as decidem que esta \u00e9 a \u00fanica maneira que poderiam honrar a Jesus. Nada diz mais sobre o natal do que o perd\u00e3o.<br \/>\nEspero que gostem. Creio que voc\u00eas ter\u00e3o uma grande equipe para preparar e apresentar este musical em sua igreja, mas o mais importante, creio que estar\u00e3o guardando a Palavra de Deus em muitas jovens vidas. Deus a todos aben\u00e7oe!<\/p>\n<p>Charlis Ferre.<br \/>\nCoda Musicais.<\/p>\n<p><strong>INFORMA\u00c7\u00d5ES GERAIS:<\/strong><\/p>\n<p>Dificuldade: F\u00e1cil<br \/>\nVozes: Un\u00edssono<br \/>\nTemporada: Natal<br \/>\nClassifica\u00e7\u00e3o: Crian\u00e7as e Adolescentes<br \/>\nEstilo: Infantil<br \/>\nDura\u00e7\u00e3o: 42 min<\/p>\n<p>Cria\u00e7\u00e3o<br \/>\nComposta por Celeste Clydesdale<br \/>\nArranjo: David T. Clydesdale<br \/>\nTradu\u00e7\u00e3o: Charlis Ferre<\/p>\n<p>&nbsp;<\/p>\n","protected":false},"excerpt":{"rendered":"<p>Gloria Music &#8211; Cantatas de Natal, P\u00e1scoa, Colet\u00e2neas.<br \/>\nMaterial para Coro e\/ou Grupo Vocal em formato Download: Partitura, Demonstra\u00e7\u00e3o, Playbacks e Kits de Voz.<\/p>\n","protected":false},"featured_media":6023,"comment_status":"closed","ping_status":"closed","template":"","meta":[],"product_cat":[101,98],"product_tag":[127,141,177,140,168,142],"yoast_head":"<!-- This site is optimized with the Yoast SEO plugin v23.5 - https:\/\/yoast.com\/wordpress\/plugins\/seo\/ -->\n<title>Fato ou Fake? - Alian\u00e7a Kids - Gloria Music<\/title>\n<meta name=\"robots\" content=\"index, follow, max-snippet:-1, max-image-preview:large, max-video-preview:-1\" \/>\n<link rel=\"canonical\" href=\"https:\/\/www.gloriamusic.com.br\/produto\/fato-ou-fake\/\" \/>\n<meta property=\"og:locale\" content=\"pt_BR\" \/>\n<meta property=\"og:type\" content=\"article\" \/>\n<meta property=\"og:title\" content=\"Fato ou Fake? - Alian\u00e7a Kids - Gloria Music\" \/>\n<meta property=\"og:description\" content=\"Gloria Music - Cantatas de Natal, P\u00e1scoa, Colet\u00e2neas. Material para Coro e\/ou Grupo Vocal em formato Download: Partitura, Demonstra\u00e7\u00e3o, Playbacks e Kits de Voz.\" \/>\n<meta property=\"og:url\" content=\"https:\/\/www.gloriamusic.com.br\/produto\/fato-ou-fake\/\" \/>\n<meta property=\"og:site_name\" content=\"Gloria Music\" \/>\n<meta property=\"article:publisher\" content=\"https:\/\/www.facebook.com\/gloriamusicproducoes\/\" \/>\n<meta property=\"article:modified_time\" content=\"2025-10-20T14:28:05+00:00\" \/>\n<meta property=\"og:image\" content=\"https:\/\/www.gloriamusic.com.br\/wp-content\/uploads\/gloriamusic\/2020\/07\/capa-site-3.jpg\" \/>\n\t<meta property=\"og:image:width\" content=\"1430\" \/>\n\t<meta property=\"og:image:height\" content=\"1469\" \/>\n\t<meta property=\"og:image:type\" content=\"image\/jpeg\" \/>\n<meta name=\"twitter:card\" content=\"summary_large_image\" \/>\n<meta name=\"twitter:label1\" content=\"Est. tempo de leitura\" \/>\n\t<meta name=\"twitter:data1\" content=\"3 minutos\" \/>\n<script type=\"application\/ld+json\" class=\"yoast-schema-graph\">{\"@context\":\"https:\/\/schema.org\",\"@graph\":[{\"@type\":\"WebPage\",\"@id\":\"https:\/\/www.gloriamusic.com.br\/produto\/fato-ou-fake\/\",\"url\":\"https:\/\/www.gloriamusic.com.br\/produto\/fato-ou-fake\/\",\"name\":\"Fato ou Fake? - Alian\u00e7a Kids - Gloria Music\",\"isPartOf\":{\"@id\":\"https:\/\/www.gloriamusic.com.br\/#website\"},\"primaryImageOfPage\":{\"@id\":\"https:\/\/www.gloriamusic.com.br\/produto\/fato-ou-fake\/#primaryimage\"},\"image\":{\"@id\":\"https:\/\/www.gloriamusic.com.br\/produto\/fato-ou-fake\/#primaryimage\"},\"thumbnailUrl\":\"https:\/\/torres.nuvemidc.com\/~gloriamu\/wp-content\/uploads\/gloriamusic\/2020\/07\/capa-site-3.jpg\",\"datePublished\":\"2020-07-30T17:44:37+00:00\",\"dateModified\":\"2025-10-20T14:28:05+00:00\",\"breadcrumb\":{\"@id\":\"https:\/\/www.gloriamusic.com.br\/produto\/fato-ou-fake\/#breadcrumb\"},\"inLanguage\":\"pt-BR\",\"potentialAction\":[{\"@type\":\"ReadAction\",\"target\":[\"https:\/\/www.gloriamusic.com.br\/produto\/fato-ou-fake\/\"]}]},{\"@type\":\"ImageObject\",\"inLanguage\":\"pt-BR\",\"@id\":\"https:\/\/www.gloriamusic.com.br\/produto\/fato-ou-fake\/#primaryimage\",\"url\":\"https:\/\/torres.nuvemidc.com\/~gloriamu\/wp-content\/uploads\/gloriamusic\/2020\/07\/capa-site-3.jpg\",\"contentUrl\":\"https:\/\/torres.nuvemidc.com\/~gloriamu\/wp-content\/uploads\/gloriamusic\/2020\/07\/capa-site-3.jpg\",\"width\":1430,\"height\":1469},{\"@type\":\"BreadcrumbList\",\"@id\":\"https:\/\/www.gloriamusic.com.br\/produto\/fato-ou-fake\/#breadcrumb\",\"itemListElement\":[{\"@type\":\"ListItem\",\"position\":1,\"name\":\"In\u00edcio\",\"item\":\"https:\/\/www.gloriamusic.com.br\/\"},{\"@type\":\"ListItem\",\"position\":2,\"name\":\"Loja\",\"item\":\"https:\/\/www.gloriamusic.com.br\/shop\/\"},{\"@type\":\"ListItem\",\"position\":3,\"name\":\"Fato ou Fake? &#8211; Alian\u00e7a Kids\"}]},{\"@type\":\"WebSite\",\"@id\":\"https:\/\/www.gloriamusic.com.br\/#website\",\"url\":\"https:\/\/www.gloriamusic.com.br\/\",\"name\":\"Gloria Music\",\"description\":\"Cantatas e musicais, m\u00fasica sacra.\",\"publisher\":{\"@id\":\"https:\/\/www.gloriamusic.com.br\/#organization\"},\"potentialAction\":[{\"@type\":\"SearchAction\",\"target\":{\"@type\":\"EntryPoint\",\"urlTemplate\":\"https:\/\/www.gloriamusic.com.br\/?s={search_term_string}\"},\"query-input\":{\"@type\":\"PropertyValueSpecification\",\"valueRequired\":true,\"valueName\":\"search_term_string\"}}],\"inLanguage\":\"pt-BR\"},{\"@type\":\"Organization\",\"@id\":\"https:\/\/www.gloriamusic.com.br\/#organization\",\"name\":\"Gloria Music\",\"url\":\"https:\/\/www.gloriamusic.com.br\/\",\"logo\":{\"@type\":\"ImageObject\",\"inLanguage\":\"pt-BR\",\"@id\":\"https:\/\/www.gloriamusic.com.br\/#\/schema\/logo\/image\/\",\"url\":\"https:\/\/www.gloriamusic.com.br\/wp-content\/uploads\/2018\/12\/logo-color.png\",\"contentUrl\":\"https:\/\/www.gloriamusic.com.br\/wp-content\/uploads\/2018\/12\/logo-color.png\",\"width\":184,\"height\":100,\"caption\":\"Gloria Music\"},\"image\":{\"@id\":\"https:\/\/www.gloriamusic.com.br\/#\/schema\/logo\/image\/\"},\"sameAs\":[\"https:\/\/www.facebook.com\/gloriamusicproducoes\/\"]}]}<\/script>\n<!-- \/ Yoast SEO plugin. -->","yoast_head_json":{"title":"Fato ou Fake? - Alian\u00e7a Kids - Gloria Music","robots":{"index":"index","follow":"follow","max-snippet":"max-snippet:-1","max-image-preview":"max-image-preview:large","max-video-preview":"max-video-preview:-1"},"canonical":"https:\/\/www.gloriamusic.com.br\/produto\/fato-ou-fake\/","og_locale":"pt_BR","og_type":"article","og_title":"Fato ou Fake? - Alian\u00e7a Kids - Gloria Music","og_description":"Gloria Music - Cantatas de Natal, P\u00e1scoa, Colet\u00e2neas. Material para Coro e\/ou Grupo Vocal em formato Download: Partitura, Demonstra\u00e7\u00e3o, Playbacks e Kits de Voz.","og_url":"https:\/\/www.gloriamusic.com.br\/produto\/fato-ou-fake\/","og_site_name":"Gloria Music","article_publisher":"https:\/\/www.facebook.com\/gloriamusicproducoes\/","article_modified_time":"2025-10-20T14:28:05+00:00","og_image":[{"width":1430,"height":1469,"url":"https:\/\/www.gloriamusic.com.br\/wp-content\/uploads\/gloriamusic\/2020\/07\/capa-site-3.jpg","type":"image\/jpeg"}],"twitter_card":"summary_large_image","twitter_misc":{"Est. tempo de leitura":"3 minutos"},"schema":{"@context":"https:\/\/schema.org","@graph":[{"@type":"WebPage","@id":"https:\/\/www.gloriamusic.com.br\/produto\/fato-ou-fake\/","url":"https:\/\/www.gloriamusic.com.br\/produto\/fato-ou-fake\/","name":"Fato ou Fake? - Alian\u00e7a Kids - Gloria Music","isPartOf":{"@id":"https:\/\/www.gloriamusic.com.br\/#website"},"primaryImageOfPage":{"@id":"https:\/\/www.gloriamusic.com.br\/produto\/fato-ou-fake\/#primaryimage"},"image":{"@id":"https:\/\/www.gloriamusic.com.br\/produto\/fato-ou-fake\/#primaryimage"},"thumbnailUrl":"https:\/\/torres.nuvemidc.com\/~gloriamu\/wp-content\/uploads\/gloriamusic\/2020\/07\/capa-site-3.jpg","datePublished":"2020-07-30T17:44:37+00:00","dateModified":"2025-10-20T14:28:05+00:00","breadcrumb":{"@id":"https:\/\/www.gloriamusic.com.br\/produto\/fato-ou-fake\/#breadcrumb"},"inLanguage":"pt-BR","potentialAction":[{"@type":"ReadAction","target":["https:\/\/www.gloriamusic.com.br\/produto\/fato-ou-fake\/"]}]},{"@type":"ImageObject","inLanguage":"pt-BR","@id":"https:\/\/www.gloriamusic.com.br\/produto\/fato-ou-fake\/#primaryimage","url":"https:\/\/torres.nuvemidc.com\/~gloriamu\/wp-content\/uploads\/gloriamusic\/2020\/07\/capa-site-3.jpg","contentUrl":"https:\/\/torres.nuvemidc.com\/~gloriamu\/wp-content\/uploads\/gloriamusic\/2020\/07\/capa-site-3.jpg","width":1430,"height":1469},{"@type":"BreadcrumbList","@id":"https:\/\/www.gloriamusic.com.br\/produto\/fato-ou-fake\/#breadcrumb","itemListElement":[{"@type":"ListItem","position":1,"name":"In\u00edcio","item":"https:\/\/www.gloriamusic.com.br\/"},{"@type":"ListItem","position":2,"name":"Loja","item":"https:\/\/www.gloriamusic.com.br\/shop\/"},{"@type":"ListItem","position":3,"name":"Fato ou Fake? &#8211; Alian\u00e7a Kids"}]},{"@type":"WebSite","@id":"https:\/\/www.gloriamusic.com.br\/#website","url":"https:\/\/www.gloriamusic.com.br\/","name":"Gloria Music","description":"Cantatas e musicais, m\u00fasica sacra.","publisher":{"@id":"https:\/\/www.gloriamusic.com.br\/#organization"},"potentialAction":[{"@type":"SearchAction","target":{"@type":"EntryPoint","urlTemplate":"https:\/\/www.gloriamusic.com.br\/?s={search_term_string}"},"query-input":{"@type":"PropertyValueSpecification","valueRequired":true,"valueName":"search_term_string"}}],"inLanguage":"pt-BR"},{"@type":"Organization","@id":"https:\/\/www.gloriamusic.com.br\/#organization","name":"Gloria Music","url":"https:\/\/www.gloriamusic.com.br\/","logo":{"@type":"ImageObject","inLanguage":"pt-BR","@id":"https:\/\/www.gloriamusic.com.br\/#\/schema\/logo\/image\/","url":"https:\/\/www.gloriamusic.com.br\/wp-content\/uploads\/2018\/12\/logo-color.png","contentUrl":"https:\/\/www.gloriamusic.com.br\/wp-content\/uploads\/2018\/12\/logo-color.png","width":184,"height":100,"caption":"Gloria Music"},"image":{"@id":"https:\/\/www.gloriamusic.com.br\/#\/schema\/logo\/image\/"},"sameAs":["https:\/\/www.facebook.com\/gloriamusicproducoes\/"]}]}},"_links":{"self":[{"href":"https:\/\/torres.nuvemidc.com\/~gloriamu\/wp-json\/wp\/v2\/product\/6002"}],"collection":[{"href":"https:\/\/torres.nuvemidc.com\/~gloriamu\/wp-json\/wp\/v2\/product"}],"about":[{"href":"https:\/\/torres.nuvemidc.com\/~gloriamu\/wp-json\/wp\/v2\/types\/product"}],"replies":[{"embeddable":true,"href":"https:\/\/torres.nuvemidc.com\/~gloriamu\/wp-json\/wp\/v2\/comments?post=6002"}],"wp:featuredmedia":[{"embeddable":true,"href":"https:\/\/torres.nuvemidc.com\/~gloriamu\/wp-json\/wp\/v2\/media\/6023"}],"wp:attachment":[{"href":"https:\/\/torres.nuvemidc.com\/~gloriamu\/wp-json\/wp\/v2\/media?parent=6002"}],"wp:term":[{"taxonomy":"product_cat","embeddable":true,"href":"https:\/\/torres.nuvemidc.com\/~gloriamu\/wp-json\/wp\/v2\/product_cat?post=6002"},{"taxonomy":"product_tag","embeddable":true,"href":"https:\/\/torres.nuvemidc.com\/~gloriamu\/wp-json\/wp\/v2\/product_tag?post=6002"}],"curies":[{"name":"wp","href":"https:\/\/api.w.org\/{rel}","templated":true}]}}