{"id":677,"date":"2019-02-12T15:58:22","date_gmt":"2019-02-12T17:58:22","guid":{"rendered":"https:\/\/www.gloriamusic.com.br\/?post_type=product&#038;p=677"},"modified":"2026-01-05T12:27:01","modified_gmt":"2026-01-05T15:27:01","slug":"magnificar","status":"publish","type":"product","link":"https:\/\/torres.nuvemidc.com\/~gloriamu\/produto\/magnificar\/","title":{"rendered":"Magnificar &#8211; Grupo Vocalis"},"content":{"rendered":"<p>As Escrituras nos dizem que os s\u00e1bios do Oriente que seguiram a estrela at\u00e9 Bel\u00e9m, voltaram para casa, diferentes. Na presen\u00e7a do Rei, a celebra\u00e7\u00e3o que renderam os transformou de tal maneira, que s\u00f3 a eternidade poder\u00e1 medir. Naquela mesma noite, os anjos celebraram ao Deus da Cria\u00e7\u00e3o. A terra celebrou a Deus pela Encarna\u00e7\u00e3o. N\u00f3s, hoje, continuamos a celebr\u00e1-lo pela Reden\u00e7\u00e3o!<\/p>\n<p>Convidamos voc\u00ea, para juntos, celebrarmos a linda hist\u00f3ria do Natal, atrav\u00e9s desta cantata de Natal com 11 can\u00e7\u00f5es totalmente embaladas pelo estilo musical Black Gospel, um estilo que encanta o mundo inteiro.<\/p>\n<p>Mais do que a hist\u00f3ria, mais do que as can\u00e7\u00f5es, n\u00f3s queremos adorar em esp\u00edrito e em verdade ao motivo do Natal. Queremos louvar, adorar e magnificar a Jesus Cristo!<\/p>\n<p>Gloria Music &#8211; Cantatas e Musicais.<\/p>\n<h4>Informa\u00e7\u00f5es Gerais:<\/h4>\n<p>Dificuldade: Moderada<br \/>\nVozes: SCTB<br \/>\nOcasi\u00e3o: Natal<br \/>\nClassifica\u00e7\u00e3o: Jovem \/ Adulto<br \/>\nEstilo: Black Gospel<br \/>\nDura\u00e7\u00e3o: 51 min.<\/p>\n<p>&nbsp;<\/p>\n","protected":false},"excerpt":{"rendered":"<p>Gloria Music &#8211; Cantatas de Natal, P\u00e1scoa, Colet\u00e2neas.<br \/>\nMaterial para Coro e\/ou Grupo Vocal em formato Download: Partitura, Demonstra\u00e7\u00e3o, Playbacks e Kits de Voz.<\/p>\n","protected":false},"featured_media":692,"comment_status":"closed","ping_status":"closed","template":"","meta":[],"product_cat":[69],"product_tag":[144,158,153,127,141,149,140,93,145,142,150],"yoast_head":"<!-- This site is optimized with the Yoast SEO plugin v23.5 - https:\/\/yoast.com\/wordpress\/plugins\/seo\/ -->\n<title>Magnificar - Grupo Vocalis - Gloria Music<\/title>\n<meta name=\"robots\" content=\"index, follow, max-snippet:-1, max-image-preview:large, max-video-preview:-1\" \/>\n<link rel=\"canonical\" href=\"https:\/\/www.gloriamusic.com.br\/produto\/magnificar\/\" \/>\n<meta property=\"og:locale\" content=\"pt_BR\" \/>\n<meta property=\"og:type\" content=\"article\" \/>\n<meta property=\"og:title\" content=\"Magnificar - Grupo Vocalis - Gloria Music\" \/>\n<meta property=\"og:description\" content=\"Gloria Music - Cantatas de Natal, P\u00e1scoa, Colet\u00e2neas. Material para Coro e\/ou Grupo Vocal em formato Download: Partitura, Demonstra\u00e7\u00e3o, Playbacks e Kits de Voz.\" \/>\n<meta property=\"og:url\" content=\"https:\/\/www.gloriamusic.com.br\/produto\/magnificar\/\" \/>\n<meta property=\"og:site_name\" content=\"Gloria Music\" \/>\n<meta property=\"article:publisher\" content=\"https:\/\/www.facebook.com\/gloriamusicproducoes\/\" \/>\n<meta property=\"article:modified_time\" content=\"2026-01-05T15:27:01+00:00\" \/>\n<meta property=\"og:image\" content=\"https:\/\/www.gloriamusic.com.br\/wp-content\/uploads\/2019\/02\/capa-cd-1.jpg\" \/>\n\t<meta property=\"og:image:width\" content=\"300\" \/>\n\t<meta property=\"og:image:height\" content=\"300\" \/>\n\t<meta property=\"og:image:type\" content=\"image\/jpeg\" \/>\n<meta name=\"twitter:card\" content=\"summary_large_image\" \/>\n<meta name=\"twitter:label1\" content=\"Est. tempo de leitura\" \/>\n\t<meta name=\"twitter:data1\" content=\"2 minutos\" \/>\n<script type=\"application\/ld+json\" class=\"yoast-schema-graph\">{\"@context\":\"https:\/\/schema.org\",\"@graph\":[{\"@type\":\"WebPage\",\"@id\":\"https:\/\/www.gloriamusic.com.br\/produto\/magnificar\/\",\"url\":\"https:\/\/www.gloriamusic.com.br\/produto\/magnificar\/\",\"name\":\"Magnificar - Grupo Vocalis - Gloria Music\",\"isPartOf\":{\"@id\":\"https:\/\/www.gloriamusic.com.br\/#website\"},\"primaryImageOfPage\":{\"@id\":\"https:\/\/www.gloriamusic.com.br\/produto\/magnificar\/#primaryimage\"},\"image\":{\"@id\":\"https:\/\/www.gloriamusic.com.br\/produto\/magnificar\/#primaryimage\"},\"thumbnailUrl\":\"https:\/\/torres.nuvemidc.com\/~gloriamu\/wp-content\/uploads\/2019\/02\/capa-cd-1.jpg\",\"datePublished\":\"2019-02-12T17:58:22+00:00\",\"dateModified\":\"2026-01-05T15:27:01+00:00\",\"breadcrumb\":{\"@id\":\"https:\/\/www.gloriamusic.com.br\/produto\/magnificar\/#breadcrumb\"},\"inLanguage\":\"pt-BR\",\"potentialAction\":[{\"@type\":\"ReadAction\",\"target\":[\"https:\/\/www.gloriamusic.com.br\/produto\/magnificar\/\"]}]},{\"@type\":\"ImageObject\",\"inLanguage\":\"pt-BR\",\"@id\":\"https:\/\/www.gloriamusic.com.br\/produto\/magnificar\/#primaryimage\",\"url\":\"https:\/\/torres.nuvemidc.com\/~gloriamu\/wp-content\/uploads\/2019\/02\/capa-cd-1.jpg\",\"contentUrl\":\"https:\/\/torres.nuvemidc.com\/~gloriamu\/wp-content\/uploads\/2019\/02\/capa-cd-1.jpg\",\"width\":300,\"height\":300},{\"@type\":\"BreadcrumbList\",\"@id\":\"https:\/\/www.gloriamusic.com.br\/produto\/magnificar\/#breadcrumb\",\"itemListElement\":[{\"@type\":\"ListItem\",\"position\":1,\"name\":\"In\u00edcio\",\"item\":\"https:\/\/www.gloriamusic.com.br\/\"},{\"@type\":\"ListItem\",\"position\":2,\"name\":\"Loja\",\"item\":\"https:\/\/www.gloriamusic.com.br\/shop\/\"},{\"@type\":\"ListItem\",\"position\":3,\"name\":\"Magnificar &#8211; Grupo Vocalis\"}]},{\"@type\":\"WebSite\",\"@id\":\"https:\/\/www.gloriamusic.com.br\/#website\",\"url\":\"https:\/\/www.gloriamusic.com.br\/\",\"name\":\"Gloria Music\",\"description\":\"Cantatas e musicais, m\u00fasica sacra.\",\"publisher\":{\"@id\":\"https:\/\/www.gloriamusic.com.br\/#organization\"},\"potentialAction\":[{\"@type\":\"SearchAction\",\"target\":{\"@type\":\"EntryPoint\",\"urlTemplate\":\"https:\/\/www.gloriamusic.com.br\/?s={search_term_string}\"},\"query-input\":{\"@type\":\"PropertyValueSpecification\",\"valueRequired\":true,\"valueName\":\"search_term_string\"}}],\"inLanguage\":\"pt-BR\"},{\"@type\":\"Organization\",\"@id\":\"https:\/\/www.gloriamusic.com.br\/#organization\",\"name\":\"Gloria Music\",\"url\":\"https:\/\/www.gloriamusic.com.br\/\",\"logo\":{\"@type\":\"ImageObject\",\"inLanguage\":\"pt-BR\",\"@id\":\"https:\/\/www.gloriamusic.com.br\/#\/schema\/logo\/image\/\",\"url\":\"https:\/\/www.gloriamusic.com.br\/wp-content\/uploads\/2018\/12\/logo-color.png\",\"contentUrl\":\"https:\/\/www.gloriamusic.com.br\/wp-content\/uploads\/2018\/12\/logo-color.png\",\"width\":184,\"height\":100,\"caption\":\"Gloria Music\"},\"image\":{\"@id\":\"https:\/\/www.gloriamusic.com.br\/#\/schema\/logo\/image\/\"},\"sameAs\":[\"https:\/\/www.facebook.com\/gloriamusicproducoes\/\"]}]}<\/script>\n<!-- \/ Yoast SEO plugin. -->","yoast_head_json":{"title":"Magnificar - Grupo Vocalis - Gloria Music","robots":{"index":"index","follow":"follow","max-snippet":"max-snippet:-1","max-image-preview":"max-image-preview:large","max-video-preview":"max-video-preview:-1"},"canonical":"https:\/\/www.gloriamusic.com.br\/produto\/magnificar\/","og_locale":"pt_BR","og_type":"article","og_title":"Magnificar - Grupo Vocalis - Gloria Music","og_description":"Gloria Music - Cantatas de Natal, P\u00e1scoa, Colet\u00e2neas. Material para Coro e\/ou Grupo Vocal em formato Download: Partitura, Demonstra\u00e7\u00e3o, Playbacks e Kits de Voz.","og_url":"https:\/\/www.gloriamusic.com.br\/produto\/magnificar\/","og_site_name":"Gloria Music","article_publisher":"https:\/\/www.facebook.com\/gloriamusicproducoes\/","article_modified_time":"2026-01-05T15:27:01+00:00","og_image":[{"width":300,"height":300,"url":"https:\/\/www.gloriamusic.com.br\/wp-content\/uploads\/2019\/02\/capa-cd-1.jpg","type":"image\/jpeg"}],"twitter_card":"summary_large_image","twitter_misc":{"Est. tempo de leitura":"2 minutos"},"schema":{"@context":"https:\/\/schema.org","@graph":[{"@type":"WebPage","@id":"https:\/\/www.gloriamusic.com.br\/produto\/magnificar\/","url":"https:\/\/www.gloriamusic.com.br\/produto\/magnificar\/","name":"Magnificar - Grupo Vocalis - Gloria Music","isPartOf":{"@id":"https:\/\/www.gloriamusic.com.br\/#website"},"primaryImageOfPage":{"@id":"https:\/\/www.gloriamusic.com.br\/produto\/magnificar\/#primaryimage"},"image":{"@id":"https:\/\/www.gloriamusic.com.br\/produto\/magnificar\/#primaryimage"},"thumbnailUrl":"https:\/\/torres.nuvemidc.com\/~gloriamu\/wp-content\/uploads\/2019\/02\/capa-cd-1.jpg","datePublished":"2019-02-12T17:58:22+00:00","dateModified":"2026-01-05T15:27:01+00:00","breadcrumb":{"@id":"https:\/\/www.gloriamusic.com.br\/produto\/magnificar\/#breadcrumb"},"inLanguage":"pt-BR","potentialAction":[{"@type":"ReadAction","target":["https:\/\/www.gloriamusic.com.br\/produto\/magnificar\/"]}]},{"@type":"ImageObject","inLanguage":"pt-BR","@id":"https:\/\/www.gloriamusic.com.br\/produto\/magnificar\/#primaryimage","url":"https:\/\/torres.nuvemidc.com\/~gloriamu\/wp-content\/uploads\/2019\/02\/capa-cd-1.jpg","contentUrl":"https:\/\/torres.nuvemidc.com\/~gloriamu\/wp-content\/uploads\/2019\/02\/capa-cd-1.jpg","width":300,"height":300},{"@type":"BreadcrumbList","@id":"https:\/\/www.gloriamusic.com.br\/produto\/magnificar\/#breadcrumb","itemListElement":[{"@type":"ListItem","position":1,"name":"In\u00edcio","item":"https:\/\/www.gloriamusic.com.br\/"},{"@type":"ListItem","position":2,"name":"Loja","item":"https:\/\/www.gloriamusic.com.br\/shop\/"},{"@type":"ListItem","position":3,"name":"Magnificar &#8211; Grupo Vocalis"}]},{"@type":"WebSite","@id":"https:\/\/www.gloriamusic.com.br\/#website","url":"https:\/\/www.gloriamusic.com.br\/","name":"Gloria Music","description":"Cantatas e musicais, m\u00fasica sacra.","publisher":{"@id":"https:\/\/www.gloriamusic.com.br\/#organization"},"potentialAction":[{"@type":"SearchAction","target":{"@type":"EntryPoint","urlTemplate":"https:\/\/www.gloriamusic.com.br\/?s={search_term_string}"},"query-input":{"@type":"PropertyValueSpecification","valueRequired":true,"valueName":"search_term_string"}}],"inLanguage":"pt-BR"},{"@type":"Organization","@id":"https:\/\/www.gloriamusic.com.br\/#organization","name":"Gloria Music","url":"https:\/\/www.gloriamusic.com.br\/","logo":{"@type":"ImageObject","inLanguage":"pt-BR","@id":"https:\/\/www.gloriamusic.com.br\/#\/schema\/logo\/image\/","url":"https:\/\/www.gloriamusic.com.br\/wp-content\/uploads\/2018\/12\/logo-color.png","contentUrl":"https:\/\/www.gloriamusic.com.br\/wp-content\/uploads\/2018\/12\/logo-color.png","width":184,"height":100,"caption":"Gloria Music"},"image":{"@id":"https:\/\/www.gloriamusic.com.br\/#\/schema\/logo\/image\/"},"sameAs":["https:\/\/www.facebook.com\/gloriamusicproducoes\/"]}]}},"_links":{"self":[{"href":"https:\/\/torres.nuvemidc.com\/~gloriamu\/wp-json\/wp\/v2\/product\/677"}],"collection":[{"href":"https:\/\/torres.nuvemidc.com\/~gloriamu\/wp-json\/wp\/v2\/product"}],"about":[{"href":"https:\/\/torres.nuvemidc.com\/~gloriamu\/wp-json\/wp\/v2\/types\/product"}],"replies":[{"embeddable":true,"href":"https:\/\/torres.nuvemidc.com\/~gloriamu\/wp-json\/wp\/v2\/comments?post=677"}],"wp:featuredmedia":[{"embeddable":true,"href":"https:\/\/torres.nuvemidc.com\/~gloriamu\/wp-json\/wp\/v2\/media\/692"}],"wp:attachment":[{"href":"https:\/\/torres.nuvemidc.com\/~gloriamu\/wp-json\/wp\/v2\/media?parent=677"}],"wp:term":[{"taxonomy":"product_cat","embeddable":true,"href":"https:\/\/torres.nuvemidc.com\/~gloriamu\/wp-json\/wp\/v2\/product_cat?post=677"},{"taxonomy":"product_tag","embeddable":true,"href":"https:\/\/torres.nuvemidc.com\/~gloriamu\/wp-json\/wp\/v2\/product_tag?post=677"}],"curies":[{"name":"wp","href":"https:\/\/api.w.org\/{rel}","templated":true}]}}