{"id":7771,"date":"2020-09-17T16:03:45","date_gmt":"2020-09-17T19:03:45","guid":{"rendered":"https:\/\/www.gloriamusic.com.br\/?post_type=product&#038;p=7771"},"modified":"2024-01-21T19:24:25","modified_gmt":"2024-01-21T22:24:25","slug":"novo-tempo","status":"publish","type":"product","link":"https:\/\/torres.nuvemidc.com\/~gloriamu\/produto\/novo-tempo\/","title":{"rendered":"Novo Tempo (Musical de Celebra\u00e7\u00e3o) &#8211; El Olam"},"content":{"rendered":"<p>O grupo El Olam (Campos dos Goytacazes) apresenta o Musical de Celebra\u00e7\u00e3o NOVO TEMPO.<\/p>\n<p>Uma colet\u00e2nea de can\u00e7\u00f5es que expressam a alegria em celebrarmos a Deus que tem o controle de todas as coisas em Suas m\u00e3os.<br \/>\nCom arranjos criados para execu\u00e7\u00e3o com banda, voc\u00ea poder\u00e1 integrar a Equipe de Louvor, Coro de Adolescentes e Jovens, al\u00e9m de crian\u00e7as na m\u00fasica &#8220;Grandioso \u00e9s Tu&#8221; e at\u00e9 grupo vocal ou coral Masculino nas m\u00fasicas &#8220;Exulta\u00e7\u00e3o&#8221; e &#8220;Ben\u00e7\u00e3o Ara\u00f4nica&#8221;,<br \/>\nPossui 4 m\u00fasicas autorais &#8220;Novo Tempo&#8221;, &#8220;Me Ensina&#8221;, &#8220;Imagem e Semelhan\u00e7a&#8221; e &#8220;Comigo Est\u00e1&#8221;.<br \/>\nDestaque para a linda can\u00e7\u00e3o &#8220;Jerusal\u00e9m &#8211; Cidade de Deus&#8221;.<br \/>\nVoc\u00ea encontrar\u00e1 neste musical uma poderosa ferramenta para levar esperan\u00e7a, for\u00e7a e paz aos cora\u00e7\u00f5es que precisam ouvir da mensagem de salva\u00e7\u00e3o em Jesus Cristo.<\/p>\n<p>Um NOVO TEMPO Deus tem para n\u00f3s!<\/p>\n<p>Com carinho, agradecemos aos amigos do Grupo El Olam pela parceria e uni\u00e3o nesta caminhada.<br \/>\nAo nosso irm\u00e3o Adriano Dias, a nossa gratid\u00e3o pela confian\u00e7a, pelo amor e amizade.<br \/>\nQue Deus nos fortale\u00e7a para sermos usados para a Gl\u00f3ria do Seu Nome.<\/p>\n<p>Com carinho,<br \/>\nGlorinha Ara\u00fajo e Cristiane Carvalho.<\/p>\n<p>Informa\u00e7\u00f5es Adicionais:<br \/>\n&gt; TODAS AS M\u00daSICAS SER\u00c3O PUBLICADAS E VENDIDAS EM MODO AVULSO;<br \/>\n&gt; A PARTITURA CONT\u00c9M SOMENTE AS VOZES E CIFRAS;<br \/>\n&gt; A M\u00daSICA &#8220;ALELUIA HANDEL&#8221; \u00c9 UMA FAIXA B\u00d4NUS, PORTANTO, N\u00c3O H\u00c1 MATERIAL DID\u00c1TICO DELA;<br \/>\n&gt; AS M\u00daSICAS &#8220;EXULTA\u00c7\u00c3O&#8221; E &#8220;BEN\u00c7\u00c3O ARA\u00d4NICA&#8221; FORAM ARRANJADAS PARA VOZES MASCULINAS EXCLUSIVAMENTE.<\/p>\n<p>Gloria Music &#8211; Cantatas e Musicais.<\/p>\n<h4>Informa\u00e7\u00f5es Gerais:<\/h4>\n<p>Dificuldade: F\u00e1cil \/ Moderada<br \/>\nVozes: SCTB<br \/>\nTemporada: N\u00e3o Sazonal<br \/>\nClassifica\u00e7\u00e3o: Adolescente \/ Jovem<br \/>\nEstilo: Variado<br \/>\nCriado por Adriano Dias<br \/>\nProduzido por Samuel Costa<br \/>\nArranjado por Samuel Costa e Wanderson Brum<\/p>\n","protected":false},"excerpt":{"rendered":"<p>Gloria Music &#8211; Cantatas de Natal, P\u00e1scoa, Colet\u00e2neas.<br \/>\nMaterial para Coro e\/ou Grupo Vocal em formato Download: Partitura, Demonstra\u00e7\u00e3o, Playbacks e Kits de Voz.<\/p>\n","protected":false},"featured_media":7780,"comment_status":"closed","ping_status":"closed","template":"","meta":[],"product_cat":[67,95,94,98],"product_tag":[151,141,149,140,234,93,152,235,150],"yoast_head":"<!-- This site is optimized with the Yoast SEO plugin v23.5 - https:\/\/yoast.com\/wordpress\/plugins\/seo\/ -->\n<title>Novo Tempo (Musical de Celebra\u00e7\u00e3o) - El Olam - Gloria Music<\/title>\n<meta name=\"robots\" content=\"index, follow, max-snippet:-1, max-image-preview:large, max-video-preview:-1\" \/>\n<link rel=\"canonical\" href=\"https:\/\/www.gloriamusic.com.br\/produto\/novo-tempo\/\" \/>\n<meta property=\"og:locale\" content=\"pt_BR\" \/>\n<meta property=\"og:type\" content=\"article\" \/>\n<meta property=\"og:title\" content=\"Novo Tempo (Musical de Celebra\u00e7\u00e3o) - El Olam - Gloria Music\" \/>\n<meta property=\"og:description\" content=\"Gloria Music - Cantatas de Natal, P\u00e1scoa, Colet\u00e2neas. Material para Coro e\/ou Grupo Vocal em formato Download: Partitura, Demonstra\u00e7\u00e3o, Playbacks e Kits de Voz.\" \/>\n<meta property=\"og:url\" content=\"https:\/\/www.gloriamusic.com.br\/produto\/novo-tempo\/\" \/>\n<meta property=\"og:site_name\" content=\"Gloria Music\" \/>\n<meta property=\"article:publisher\" content=\"https:\/\/www.facebook.com\/gloriamusicproducoes\/\" \/>\n<meta property=\"article:modified_time\" content=\"2024-01-21T22:24:25+00:00\" \/>\n<meta property=\"og:image\" content=\"https:\/\/www.gloriamusic.com.br\/wp-content\/uploads\/gloriamusic\/2020\/09\/capa-site.jpg\" \/>\n\t<meta property=\"og:image:width\" content=\"960\" \/>\n\t<meta property=\"og:image:height\" content=\"960\" \/>\n\t<meta property=\"og:image:type\" content=\"image\/jpeg\" \/>\n<meta name=\"twitter:card\" content=\"summary_large_image\" \/>\n<meta name=\"twitter:label1\" content=\"Est. tempo de leitura\" \/>\n\t<meta name=\"twitter:data1\" content=\"2 minutos\" \/>\n<script type=\"application\/ld+json\" class=\"yoast-schema-graph\">{\"@context\":\"https:\/\/schema.org\",\"@graph\":[{\"@type\":\"WebPage\",\"@id\":\"https:\/\/www.gloriamusic.com.br\/produto\/novo-tempo\/\",\"url\":\"https:\/\/www.gloriamusic.com.br\/produto\/novo-tempo\/\",\"name\":\"Novo Tempo (Musical de Celebra\u00e7\u00e3o) - El Olam - Gloria Music\",\"isPartOf\":{\"@id\":\"https:\/\/www.gloriamusic.com.br\/#website\"},\"primaryImageOfPage\":{\"@id\":\"https:\/\/www.gloriamusic.com.br\/produto\/novo-tempo\/#primaryimage\"},\"image\":{\"@id\":\"https:\/\/www.gloriamusic.com.br\/produto\/novo-tempo\/#primaryimage\"},\"thumbnailUrl\":\"https:\/\/torres.nuvemidc.com\/~gloriamu\/wp-content\/uploads\/gloriamusic\/2020\/09\/capa-site.jpg\",\"datePublished\":\"2020-09-17T19:03:45+00:00\",\"dateModified\":\"2024-01-21T22:24:25+00:00\",\"breadcrumb\":{\"@id\":\"https:\/\/www.gloriamusic.com.br\/produto\/novo-tempo\/#breadcrumb\"},\"inLanguage\":\"pt-BR\",\"potentialAction\":[{\"@type\":\"ReadAction\",\"target\":[\"https:\/\/www.gloriamusic.com.br\/produto\/novo-tempo\/\"]}]},{\"@type\":\"ImageObject\",\"inLanguage\":\"pt-BR\",\"@id\":\"https:\/\/www.gloriamusic.com.br\/produto\/novo-tempo\/#primaryimage\",\"url\":\"https:\/\/torres.nuvemidc.com\/~gloriamu\/wp-content\/uploads\/gloriamusic\/2020\/09\/capa-site.jpg\",\"contentUrl\":\"https:\/\/torres.nuvemidc.com\/~gloriamu\/wp-content\/uploads\/gloriamusic\/2020\/09\/capa-site.jpg\",\"width\":960,\"height\":960},{\"@type\":\"BreadcrumbList\",\"@id\":\"https:\/\/www.gloriamusic.com.br\/produto\/novo-tempo\/#breadcrumb\",\"itemListElement\":[{\"@type\":\"ListItem\",\"position\":1,\"name\":\"In\u00edcio\",\"item\":\"https:\/\/www.gloriamusic.com.br\/\"},{\"@type\":\"ListItem\",\"position\":2,\"name\":\"Loja\",\"item\":\"https:\/\/www.gloriamusic.com.br\/shop\/\"},{\"@type\":\"ListItem\",\"position\":3,\"name\":\"Novo Tempo (Musical de Celebra\u00e7\u00e3o) &#8211; El Olam\"}]},{\"@type\":\"WebSite\",\"@id\":\"https:\/\/www.gloriamusic.com.br\/#website\",\"url\":\"https:\/\/www.gloriamusic.com.br\/\",\"name\":\"Gloria Music\",\"description\":\"Cantatas e musicais, m\u00fasica sacra.\",\"publisher\":{\"@id\":\"https:\/\/www.gloriamusic.com.br\/#organization\"},\"potentialAction\":[{\"@type\":\"SearchAction\",\"target\":{\"@type\":\"EntryPoint\",\"urlTemplate\":\"https:\/\/www.gloriamusic.com.br\/?s={search_term_string}\"},\"query-input\":{\"@type\":\"PropertyValueSpecification\",\"valueRequired\":true,\"valueName\":\"search_term_string\"}}],\"inLanguage\":\"pt-BR\"},{\"@type\":\"Organization\",\"@id\":\"https:\/\/www.gloriamusic.com.br\/#organization\",\"name\":\"Gloria Music\",\"url\":\"https:\/\/www.gloriamusic.com.br\/\",\"logo\":{\"@type\":\"ImageObject\",\"inLanguage\":\"pt-BR\",\"@id\":\"https:\/\/www.gloriamusic.com.br\/#\/schema\/logo\/image\/\",\"url\":\"https:\/\/www.gloriamusic.com.br\/wp-content\/uploads\/2018\/12\/logo-color.png\",\"contentUrl\":\"https:\/\/www.gloriamusic.com.br\/wp-content\/uploads\/2018\/12\/logo-color.png\",\"width\":184,\"height\":100,\"caption\":\"Gloria Music\"},\"image\":{\"@id\":\"https:\/\/www.gloriamusic.com.br\/#\/schema\/logo\/image\/\"},\"sameAs\":[\"https:\/\/www.facebook.com\/gloriamusicproducoes\/\"]}]}<\/script>\n<!-- \/ Yoast SEO plugin. -->","yoast_head_json":{"title":"Novo Tempo (Musical de Celebra\u00e7\u00e3o) - El Olam - Gloria Music","robots":{"index":"index","follow":"follow","max-snippet":"max-snippet:-1","max-image-preview":"max-image-preview:large","max-video-preview":"max-video-preview:-1"},"canonical":"https:\/\/www.gloriamusic.com.br\/produto\/novo-tempo\/","og_locale":"pt_BR","og_type":"article","og_title":"Novo Tempo (Musical de Celebra\u00e7\u00e3o) - El Olam - Gloria Music","og_description":"Gloria Music - Cantatas de Natal, P\u00e1scoa, Colet\u00e2neas. Material para Coro e\/ou Grupo Vocal em formato Download: Partitura, Demonstra\u00e7\u00e3o, Playbacks e Kits de Voz.","og_url":"https:\/\/www.gloriamusic.com.br\/produto\/novo-tempo\/","og_site_name":"Gloria Music","article_publisher":"https:\/\/www.facebook.com\/gloriamusicproducoes\/","article_modified_time":"2024-01-21T22:24:25+00:00","og_image":[{"width":960,"height":960,"url":"https:\/\/www.gloriamusic.com.br\/wp-content\/uploads\/gloriamusic\/2020\/09\/capa-site.jpg","type":"image\/jpeg"}],"twitter_card":"summary_large_image","twitter_misc":{"Est. tempo de leitura":"2 minutos"},"schema":{"@context":"https:\/\/schema.org","@graph":[{"@type":"WebPage","@id":"https:\/\/www.gloriamusic.com.br\/produto\/novo-tempo\/","url":"https:\/\/www.gloriamusic.com.br\/produto\/novo-tempo\/","name":"Novo Tempo (Musical de Celebra\u00e7\u00e3o) - El Olam - Gloria Music","isPartOf":{"@id":"https:\/\/www.gloriamusic.com.br\/#website"},"primaryImageOfPage":{"@id":"https:\/\/www.gloriamusic.com.br\/produto\/novo-tempo\/#primaryimage"},"image":{"@id":"https:\/\/www.gloriamusic.com.br\/produto\/novo-tempo\/#primaryimage"},"thumbnailUrl":"https:\/\/torres.nuvemidc.com\/~gloriamu\/wp-content\/uploads\/gloriamusic\/2020\/09\/capa-site.jpg","datePublished":"2020-09-17T19:03:45+00:00","dateModified":"2024-01-21T22:24:25+00:00","breadcrumb":{"@id":"https:\/\/www.gloriamusic.com.br\/produto\/novo-tempo\/#breadcrumb"},"inLanguage":"pt-BR","potentialAction":[{"@type":"ReadAction","target":["https:\/\/www.gloriamusic.com.br\/produto\/novo-tempo\/"]}]},{"@type":"ImageObject","inLanguage":"pt-BR","@id":"https:\/\/www.gloriamusic.com.br\/produto\/novo-tempo\/#primaryimage","url":"https:\/\/torres.nuvemidc.com\/~gloriamu\/wp-content\/uploads\/gloriamusic\/2020\/09\/capa-site.jpg","contentUrl":"https:\/\/torres.nuvemidc.com\/~gloriamu\/wp-content\/uploads\/gloriamusic\/2020\/09\/capa-site.jpg","width":960,"height":960},{"@type":"BreadcrumbList","@id":"https:\/\/www.gloriamusic.com.br\/produto\/novo-tempo\/#breadcrumb","itemListElement":[{"@type":"ListItem","position":1,"name":"In\u00edcio","item":"https:\/\/www.gloriamusic.com.br\/"},{"@type":"ListItem","position":2,"name":"Loja","item":"https:\/\/www.gloriamusic.com.br\/shop\/"},{"@type":"ListItem","position":3,"name":"Novo Tempo (Musical de Celebra\u00e7\u00e3o) &#8211; El Olam"}]},{"@type":"WebSite","@id":"https:\/\/www.gloriamusic.com.br\/#website","url":"https:\/\/www.gloriamusic.com.br\/","name":"Gloria Music","description":"Cantatas e musicais, m\u00fasica sacra.","publisher":{"@id":"https:\/\/www.gloriamusic.com.br\/#organization"},"potentialAction":[{"@type":"SearchAction","target":{"@type":"EntryPoint","urlTemplate":"https:\/\/www.gloriamusic.com.br\/?s={search_term_string}"},"query-input":{"@type":"PropertyValueSpecification","valueRequired":true,"valueName":"search_term_string"}}],"inLanguage":"pt-BR"},{"@type":"Organization","@id":"https:\/\/www.gloriamusic.com.br\/#organization","name":"Gloria Music","url":"https:\/\/www.gloriamusic.com.br\/","logo":{"@type":"ImageObject","inLanguage":"pt-BR","@id":"https:\/\/www.gloriamusic.com.br\/#\/schema\/logo\/image\/","url":"https:\/\/www.gloriamusic.com.br\/wp-content\/uploads\/2018\/12\/logo-color.png","contentUrl":"https:\/\/www.gloriamusic.com.br\/wp-content\/uploads\/2018\/12\/logo-color.png","width":184,"height":100,"caption":"Gloria Music"},"image":{"@id":"https:\/\/www.gloriamusic.com.br\/#\/schema\/logo\/image\/"},"sameAs":["https:\/\/www.facebook.com\/gloriamusicproducoes\/"]}]}},"_links":{"self":[{"href":"https:\/\/torres.nuvemidc.com\/~gloriamu\/wp-json\/wp\/v2\/product\/7771"}],"collection":[{"href":"https:\/\/torres.nuvemidc.com\/~gloriamu\/wp-json\/wp\/v2\/product"}],"about":[{"href":"https:\/\/torres.nuvemidc.com\/~gloriamu\/wp-json\/wp\/v2\/types\/product"}],"replies":[{"embeddable":true,"href":"https:\/\/torres.nuvemidc.com\/~gloriamu\/wp-json\/wp\/v2\/comments?post=7771"}],"wp:featuredmedia":[{"embeddable":true,"href":"https:\/\/torres.nuvemidc.com\/~gloriamu\/wp-json\/wp\/v2\/media\/7780"}],"wp:attachment":[{"href":"https:\/\/torres.nuvemidc.com\/~gloriamu\/wp-json\/wp\/v2\/media?parent=7771"}],"wp:term":[{"taxonomy":"product_cat","embeddable":true,"href":"https:\/\/torres.nuvemidc.com\/~gloriamu\/wp-json\/wp\/v2\/product_cat?post=7771"},{"taxonomy":"product_tag","embeddable":true,"href":"https:\/\/torres.nuvemidc.com\/~gloriamu\/wp-json\/wp\/v2\/product_tag?post=7771"}],"curies":[{"name":"wp","href":"https:\/\/api.w.org\/{rel}","templated":true}]}}